{"id":12,"date":"2017-10-12T11:35:38","date_gmt":"2017-10-12T09:35:38","guid":{"rendered":"http:\/\/visomacs.com\/?page_id=12"},"modified":"2021-05-27T11:50:50","modified_gmt":"2021-05-27T09:50:50","slug":"cookies","status":"publish","type":"page","link":"https:\/\/visomacs.com\/pt\/cookies\/","title":{"rendered":"Pol\u00edticas de cookies"},"content":{"rendered":"<p><\/p>\n<h3>Defini\u00e7\u00e3o e fun\u00e7\u00e3o dos Cookies<\/h3>\n<p>O que s\u00e3o cookies? Um cookie \u00e9 um pequeno arquivo de dados que se descarrega em seu computador quando se acede a nossa p\u00e1gina web. Os cookies nos permitem, entre outras coisas, armazenar e recuperar informa\u00e7\u00f5es sobre os h\u00e1bitos de navega\u00e7\u00e3o dos usuarios ou de seu computador e, dependendo das informa\u00e7\u00f5es que contenham e da forma em que utiliza o seu computador, podem ser utilizados reconhecer o usuario.<\/p>\n<h3>Este site utiliza diferentes tipos de cookies:<\/h3>\n<ul>\n<li><strong>Cookies pr\u00f3prias:<\/strong> s\u00e3o aquelas que enviamos para o seu computador ou terminal desde nossa p\u00e1gina web.<\/li>\n<li><strong>Cookies de terceiros:<\/strong> s\u00e3o aquelas que enviamos para o seu computador ou terminal desde um dominio o p\u00e1gina web que n\u00e3o \u00e9 administrada por n\u00f3s, mas por outra entidade que trata os dados obtidos atrav\u00e9s de cookies.<\/li>\n<li><strong>Cookies de sess\u00e3o:<\/strong> S\u00e3o um tipo de cookies desenhadas para obter e alojar dados enquanto acedes a nosso site.<\/li>\n<li><strong>Cookies persistentes:<\/strong> s\u00e3o um tipo de cookies em que os dados ainda s\u00e3o armazenados no terminal e podem ser acessados \u200b\u200be tratados durante um determinado per\u00edodo de tempo e podem variar de alguns minutos a v\u00e1rios anos.<\/li>\n<li><strong>Cookies de an\u00e1lisis:<\/strong> Son aqu\u00e9llas que bien tratadas por nosotros o por terceros, nos permiten cuantificar el n\u00famero de usuarios y realizar la medici\u00f3n y an\u00e1lisis estad\u00edstico de la utilizaci\u00f3n que hacen los usuarios de nuestra web. Para ello analizamos la navegaci\u00f3n en nuestra p\u00e1gina web con el fin de mejorar la oferta de productos o servicios que le ofrecemos.<\/li>\n<li><strong>Cookies publicit\u00e1rias:<\/strong> S\u00e3o aquelas que permitem a gest\u00e3o, da forma mais eficaz poss\u00edvel, dos espa\u00e7os publicit\u00e1rios que h\u00e1 em nossa p\u00e1gina site em base a crit\u00e9rios como o conte\u00fado editado ou a frequ\u00eancia na que se mostram os an\u00fancios ou em fun\u00e7\u00e3o do comportamento dos utentes obtida atrav\u00e9s da observa\u00e7\u00e3o c<\/li>\n<\/ul>\n<table class=\"table table-bordered\">\n<tbody>\n<tr>\n<th>Cookie<\/th>\n<th>Nombre<\/th>\n<th>Tipo<\/th>\n<th>Prop\u00f3sito<\/th>\n<th>M\u00e1s informaci\u00f3n<\/th>\n<\/tr>\n<tr>\n<td>\u00a0Google<br \/>\nAnalytics<\/td>\n<td>_utma<br \/>\n_utmb<br \/>\n_utmc<br \/>\n_utmz<\/td>\n<td>De terceiros<\/td>\n<td>Recolhem a informa\u00e7\u00e3o sobre a navega\u00e7\u00e3o dos<br \/>\nusu\u00e1rios pelo s\u00edtio web a fim de conhecer a origen<br \/>\ndas visitas e outros dados similares a n\u00edvel estat\u00edstico.<br \/>\nN\u00e3o obt\u00e9m dados dos nomes ou sobrenomes<br \/>\ndos usu\u00e1rios nem da dire\u00e7\u00e3o postal concreta<br \/>\nde onde se conectam.<\/td>\n<td>\u00a0Google Analytics<br \/>\nCentro de privacidad de Google<\/td>\n<\/tr>\n<\/tbody>\n<\/table>\n<h3>Como desactivar os cookies?<\/h3>\n<p>Todos os navegadores permitem fazer mudan\u00e7as que permitem desactivar a configura\u00e7\u00e3o das cookies. Estes ajustes encontram-se localizados nas \u201cop\u00e7\u00f5es\u201d ou \u201cprefer\u00eancias\u201d do menu de seu navegador. A seguir poder\u00e1 encontrar os links da cada navegador para deshabilitar as cookies seguindo as instru\u00e7\u00f5es:<\/p>\n<ul>\n<li><a href=\"http:\/\/goo.gl\/ksN5y\" target=\"_blank\" rel=\"noopener noreferrer\">http:\/\/goo.gl\/ksN5y<\/a>\u00a0(<strong>Internet Explorer<\/strong>).<\/li>\n<li><a href=\"https:\/\/goo.gl\/D2GYLn\" target=\"_blank\" rel=\"noopener noreferrer\">https:\/\/goo.gl\/D2GYLn<\/a>\u00a0(<strong>Mozilla Firefox<\/strong>)<\/li>\n<li><a href=\"https:\/\/goo.gl\/WGGBpz\" target=\"_blank\" rel=\"noopener noreferrer\">https:\/\/goo.gl\/WGGBpz<\/a>\u00a0(<strong>Google Chrome<\/strong>)<\/li>\n<li><a href=\"https:\/\/goo.gl\/mt1yEi\" target=\"_blank\" rel=\"noopener noreferrer\">https:\/\/goo.gl\/mt1yEi<\/a>\u00a0(<strong>Safari<\/strong>)<\/li>\n<\/ul>\n<p>Se deseja n\u00e3o ser rastreado pelas cookies, Google tem desenvolvido um complemento para instalar em seu navegador ao que pode aceder no seguinte enlace: <a href=\"http:\/\/goo.gl\/up4ND\" target=\"_blank\" rel=\"noopener noreferrer\">http:\/\/goo.gl\/up4ND<\/a><\/p>","protected":false},"excerpt":{"rendered":"<p>Defini\u00e7\u00e3o e fun\u00e7\u00e3o dos Cookies O que s\u00e3o cookies? Um cookie \u00e9 um pequeno arquivo de dados que se descarrega<\/p>\n","protected":false},"author":1,"featured_media":0,"parent":0,"menu_order":0,"comment_status":"closed","ping_status":"closed","template":"","meta":{"_joinchat":[],"footnotes":""},"class_list":["post-12","page","type-page","status-publish","hentry"],"acf":[],"yoast_head":"<!-- This site is optimized with the Yoast SEO plugin v27.5 - https:\/\/yoast.com\/product\/yoast-seo-wordpress\/ -->\n<title>Pol\u00edticas de cookies - Visomacs - Dispositivos Apple de segunda mano al mejor precio<\/title>\n<meta name=\"robots\" content=\"index, follow, max-snippet:-1, max-image-preview:large, max-video-preview:-1\" \/>\n<link rel=\"canonical\" href=\"https:\/\/visomacs.com\/cookies\/\" \/>\n<meta property=\"og:locale\" content=\"pt_PT\" \/>\n<meta property=\"og:type\" content=\"article\" \/>\n<meta property=\"og:title\" content=\"Pol\u00edticas de cookies - Visomacs - Dispositivos Apple de segunda mano al mejor precio\" \/>\n<meta property=\"og:description\" content=\"Defini\u00e7\u00e3o e fun\u00e7\u00e3o dos Cookies O que s\u00e3o cookies? Um cookie \u00e9 um pequeno arquivo de dados que se descarrega\" \/>\n<meta property=\"og:url\" content=\"https:\/\/visomacs.com\/cookies\/\" \/>\n<meta property=\"og:site_name\" content=\"Visomacs - Dispositivos Apple de segunda mano al mejor precio\" \/>\n<meta property=\"article:publisher\" content=\"https:\/\/www.facebook.com\/visomacs\/\" \/>\n<meta property=\"article:modified_time\" content=\"2021-05-27T09:50:50+00:00\" \/>\n<meta name=\"twitter:card\" content=\"summary_large_image\" \/>\n<meta name=\"twitter:label1\" content=\"Tempo estimado de leitura\" \/>\n\t<meta name=\"twitter:data1\" content=\"9 minutos\" \/>\n<!-- \/ Yoast SEO plugin. -->","yoast_head_json":{"title":"Pol\u00edticas de cookies - Visomacs - Dispositivos Apple de segunda mano al mejor precio","robots":{"index":"index","follow":"follow","max-snippet":"max-snippet:-1","max-image-preview":"max-image-preview:large","max-video-preview":"max-video-preview:-1"},"canonical":"https:\/\/visomacs.com\/cookies\/","og_locale":"pt_PT","og_type":"article","og_title":"Pol\u00edticas de cookies - Visomacs - Dispositivos Apple de segunda mano al mejor precio","og_description":"Defini\u00e7\u00e3o e fun\u00e7\u00e3o dos Cookies O que s\u00e3o cookies? Um cookie \u00e9 um pequeno arquivo de dados que se descarrega","og_url":"https:\/\/visomacs.com\/cookies\/","og_site_name":"Visomacs - Dispositivos Apple de segunda mano al mejor precio","article_publisher":"https:\/\/www.facebook.com\/visomacs\/","article_modified_time":"2021-05-27T09:50:50+00:00","twitter_card":"summary_large_image","twitter_misc":{"Tempo estimado de leitura":"9 minutos"},"schema":{"@context":"https:\/\/schema.org","@graph":[{"@type":"WebPage","@id":"https:\/\/visomacs.com\/cookies\/","url":"https:\/\/visomacs.com\/cookies\/","name":"Pol\u00edticas de cookies - Visomacs - Dispositivos Apple de segunda mano al mejor precio","isPartOf":{"@id":"https:\/\/visomacs.com\/#website"},"datePublished":"2017-10-12T09:35:38+00:00","dateModified":"2021-05-27T09:50:50+00:00","breadcrumb":{"@id":"https:\/\/visomacs.com\/cookies\/#breadcrumb"},"inLanguage":"pt-PT","potentialAction":[{"@type":"ReadAction","target":["https:\/\/visomacs.com\/cookies\/"]}]},{"@type":"BreadcrumbList","@id":"https:\/\/visomacs.com\/cookies\/#breadcrumb","itemListElement":[{"@type":"ListItem","position":1,"name":"Portada","item":"https:\/\/visomacs.com\/"},{"@type":"ListItem","position":2,"name":"Pol\u00edticas de cookies"}]},{"@type":"WebSite","@id":"https:\/\/visomacs.com\/#website","url":"https:\/\/visomacs.com\/","name":"Visomacs ( a RITEL IT SERVICES group)","description":"Todos nuestros productos son examinados por profesionales y poseen 1 a\u00f1o de garant\u00eda. Realizamos env\u00edos gratuitos 24 h en la pen\u00ednsula. ","publisher":{"@id":"https:\/\/visomacs.com\/#organization"},"potentialAction":[{"@type":"SearchAction","target":{"@type":"EntryPoint","urlTemplate":"https:\/\/visomacs.com\/?s={search_term_string}"},"query-input":{"@type":"PropertyValueSpecification","valueRequired":true,"valueName":"search_term_string"}}],"inLanguage":"pt-PT"},{"@type":"Organization","@id":"https:\/\/visomacs.com\/#organization","name":"Visomacs ( a RITEL IT SERVICES group)","url":"https:\/\/visomacs.com\/","logo":{"@type":"ImageObject","inLanguage":"pt-PT","@id":"https:\/\/visomacs.com\/#\/schema\/logo\/image\/","url":"https:\/\/visomacs.com\/wp-content\/uploads\/2017\/10\/logo.png","contentUrl":"https:\/\/visomacs.com\/wp-content\/uploads\/2017\/10\/logo.png","width":235,"height":40,"caption":"Visomacs ( a RITEL IT SERVICES group)"},"image":{"@id":"https:\/\/visomacs.com\/#\/schema\/logo\/image\/"},"sameAs":["https:\/\/www.facebook.com\/visomacs\/","https:\/\/www.instagram.com\/visomacs\/"]}]}},"_links":{"self":[{"href":"https:\/\/visomacs.com\/pt\/wp-json\/wp\/v2\/pages\/12","targetHints":{"allow":["GET"]}}],"collection":[{"href":"https:\/\/visomacs.com\/pt\/wp-json\/wp\/v2\/pages"}],"about":[{"href":"https:\/\/visomacs.com\/pt\/wp-json\/wp\/v2\/types\/page"}],"author":[{"embeddable":true,"href":"https:\/\/visomacs.com\/pt\/wp-json\/wp\/v2\/users\/1"}],"replies":[{"embeddable":true,"href":"https:\/\/visomacs.com\/pt\/wp-json\/wp\/v2\/comments?post=12"}],"version-history":[{"count":1,"href":"https:\/\/visomacs.com\/pt\/wp-json\/wp\/v2\/pages\/12\/revisions"}],"predecessor-version":[{"id":31074,"href":"https:\/\/visomacs.com\/pt\/wp-json\/wp\/v2\/pages\/12\/revisions\/31074"}],"wp:attachment":[{"href":"https:\/\/visomacs.com\/pt\/wp-json\/wp\/v2\/media?parent=12"}],"curies":[{"name":"wp","href":"https:\/\/api.w.org\/{rel}","templated":true}]}}