{"id":14,"date":"2017-10-12T11:36:57","date_gmt":"2017-10-12T09:36:57","guid":{"rendered":"http:\/\/visomacs.com\/?page_id=14"},"modified":"2021-05-27T11:48:24","modified_gmt":"2021-05-27T09:48:24","slug":"politica-de-privacidad","status":"publish","type":"page","link":"https:\/\/visomacs.com\/pt\/politica-de-privacidad\/","title":{"rendered":"Pol\u00edtica de privacidade"},"content":{"rendered":"<p><\/p>\n<h3>Pol\u00edtica de privacidade<\/h3>\n<p style=\"text-align: justify;\"><strong>Raz\u00e3o Social:<\/strong><\/p>\n<p style=\"text-align: justify;\">C\/ Beatriz Ramirez de Mendoza, 39<br \/>\n41520 El Viso del Alcor (Sevilla)<br \/>\nPhone: 955 26 88 88<br \/>\nEmail: ritel@ritel.es<\/p>\n<p>Na p\u00e1gina site n\u00e3o se solicitam dados pessoais dos utentes que a visitem, salvo os dados que forne\u00e7am a RITEL IT SERVICES, SL por m\u00e9dio do correio eletr\u00f3nico.<\/p>\n<p>Os dados fornecidos por correio eletr\u00f3nico ser\u00e3o tratados por <strong>RITEL IT SERVICES, SL<\/strong> como respons\u00e1vel pelos dados para contestar \u00e0s solicita\u00e7\u00f5es realizadas pelos utentes. <strong>RITEL IT SERVICES, SL<\/strong> n\u00e3o realizar\u00e1 cess\u00f5es de ditos dados, salvo para a presta\u00e7\u00e3o das solicita\u00e7\u00f5es e servi\u00e7os que o requeiram, se indicando em tal caso, a id<\/p>\n<p>O UTENTE consente o tratamento de seus dados pessoais que facilite por m\u00e9dio do correio eletr\u00f3nico a <strong>RITEL IT SERVICES, SL<\/strong> , para contestar \u00e0s solicita\u00e7\u00f5es realizadas em dito correio eletr\u00f3nico.<\/p>\n<p>O UTENTE compromete-se a actualizar os dados pessoais fornecidos e a comunicar as mudan\u00e7as que sobre estes se produzam, sendo respons\u00e1vel pela veracidad dos dados pessoais facilitados a <strong>RITEL IT SERVICES, SL<\/strong> . O UTENTE poder\u00e1 ejercitar seus direitos de acesso, rectifica\u00e7\u00e3o, oposi\u00e7\u00e3o e cancelamento, dirigindo uma comunica\u00e7\u00e3o por escrito \u00e0 direc\u00e7\u00e3o de <strong>RITEL IT SERVICES, SL<\/strong><\/p>\n<p><strong>RITEL IT SERVICES, SL\u00a0<\/strong>n\u00e3o tem instaladas cookies na p\u00e1gina site, que se descarreguem nas equipas dos utentes.<\/p>\n<ol>\n<li>Se o titular da p\u00e1gina site, para prestar sua actividade, requer uma autoriza\u00e7\u00e3o administrativa pr\u00e9via, dever-se-\u00e3o indicar tamb\u00e9m junto com os dados identificativos, os dados relativos a dita autoriza\u00e7\u00e3o e o \u00f3rg\u00e3o que supervisiona dita autoriza\u00e7\u00e3o. Se exercesse-se uma profiss\u00e3o regulada indicar-se-\u00e1: o col\u00e9gio ao que se perten, , o n\u00famero de colegiado, o t\u00edtulo acad\u00e9mico, o pa\u00eds no que se expidi\u00f3 e sua homologa\u00e7\u00e3o e as normas profissionais aplic\u00e1veis bem como os meios para conhecer estas. (Artigo 10 Lei 34\/2002, de 11 de julho, de Servi\u00e7os da Sociedade da Informa\u00e7\u00e3o e de Com\u00e9rcio Eletr\u00f3nico \u2013em adiante, LSSI-).<\/li>\n<li>Se o TITULAR da p\u00e1gina est\u00e1 registado em outro registro p\u00fablico diferente ao Mercantil dever-se-\u00e1 indicar este, e se n\u00e3o est\u00e1 obrigado a registar em nenhum registro p\u00fablico unicamente indicar-se-\u00e3o os dados identificativos.<\/li>\n<li>Se fossem v\u00e1rios os TITULARES do site, dever\u00e3o indicar-se os dados identificativos de todos eles.<\/li>\n<li>Indicar-se-\u00e3o que tipos de servi\u00e7os se prestam no site, ex. informa\u00e7\u00e3o, venda de produtos, foros, chat, email, etc.<\/li>\n<li>Se os conte\u00fados do site s\u00e3o proporcionados por terceiras entidades, devem-se assinalar nos conte\u00fados os dados dos titulares destes.<\/li>\n<li>Se o acesso e uso fosse oneroso, dever-se-\u00e3o incluir as condi\u00e7\u00f5es particulares destes servi\u00e7os onerosos. E se exigisse-se a assinatura ou registro na p\u00e1gina site para aceder aos conte\u00fados, tamb\u00e9m indicar-se-\u00e1 nas condi\u00e7\u00f5es de acesso e uso do site.<\/li>\n<li>Este direito do TITULAR de poder modificar o site livremente, poder\u00e1 estar limitado pelas condi\u00e7\u00f5es particulares de acessos que se assinem com os utentes.<\/li>\n<li>Tamb\u00e9m poder\u00e1 estar limitada a exonera\u00e7\u00e3o de responsabilidade por parte do TITULAR da p\u00e1gina site, sobre os conte\u00fados, condi\u00e7\u00f5es de acesso e suspens\u00f5es desta, nas condi\u00e7\u00f5es particulares contratadas pelos utentes.<\/li>\n<li>Se requer-se um software espec\u00edfico de um terceiro para visualizar o site, indicar-se-\u00e1 aos utentes qual \u00e9 este software, e onde o conseguir se n\u00e3o se proporciona no site.<\/li>\n<li>Se facilitasse-se algum servi\u00e7o no site por tempo determinado indicar-se-\u00e1.<\/li>\n<li>Estas modifica\u00e7\u00f5es dos conte\u00fados, como a exonera\u00e7\u00e3o das consequ\u00eancias poder\u00e3o estar limitadas pelas condi\u00e7\u00f5es particulares lembradas com os utentes.<\/li>\n<li>Se no site h\u00e1 contidos titularidade de terceiros, indicar-se-\u00e1, bem como os usos que se permitam ou n\u00e3o com os conte\u00fados destes.<\/li>\n<li>Esta exonera\u00e7\u00e3o de responsabilidade n\u00e3o poder-se-\u00e1 eludir se se contrataram servi\u00e7os pelos utentes com condi\u00e7\u00f5es particulares, cuja presta\u00e7\u00e3o requer ao acesso a outros sites por m\u00e9dio dos hiperlinks.<\/li>\n<li>Se solicitasse-se ao UTENTE algum dado pessoal para prestar-lhe algum servi\u00e7o dos contratados, indicar-se-\u00e1 para que servi\u00e7os se solicitam os dados, quem ser\u00e3o os respons\u00e1veis por estes, a necessidade ou n\u00e3o de facilitar os dados para prestar o servi\u00e7o, os fins para os que se recolhem, as cess\u00f5es que estivessem previstas com dados pessoais e o lugar onde ejercitar seus direitos de acesso, rectifica\u00e7\u00e3o, oposi\u00e7\u00e3o e cancelamento.<\/li>\n<li>Se a direc\u00e7\u00e3o para o exerc\u00edcio dos direitos de acesso, rectifica\u00e7\u00e3o, oposi\u00e7\u00e3o e cancelamento fosse outra diferente indicar-se-\u00e1 esta.<\/li>\n<li>As cookies s\u00e3o pequenos arquivos de texto que aloja o navegador do UTENTE no disco duro, possibilitando ao titular do site reconhecer que navegadores dos utentes descarregam a p\u00e1gina site, para facilitar sua navega\u00e7\u00e3o pelo site. Os utentes podem configurar seus navegadores para n\u00e3o aceitar as cookies, podendo assim estar limitados certos servi\u00e7os que se prestam no site.<\/li>\n<li>Se utilizam-se cookies no site, devem-se indicar estas, as finalidades para as que se utilizam e as consequ\u00eancias de sua n\u00e3o aceita\u00e7\u00e3o pelo navegador do utente.<\/li>\n<li>As entidades aderidas que realizem publicidade ou transac\u00e7\u00f5es contratuais com consumidores atrav\u00e9s de meios eletr\u00f3nicos de comunica\u00e7\u00e3o a dist\u00e2ncia dever\u00e3o respeitar o regulamento vigente em mat\u00e9ria de protec\u00e7\u00e3o de dados pessoais.<\/li>\n<li>Os dados de car\u00e1cter pessoal s\u00f3 poder\u00e3o obter para seu tratamento quando sejam adequados, apropriados e n\u00e3o excessivos em rela\u00e7\u00e3o com o \u00e2mbito e as finalidades determinadas, expl\u00edcitas e leg\u00edtimas para as que se tenham obtido. Os dados de car\u00e1cter pessoal ser\u00e3o exatos e postos ao dia para que correspondam com veracidad \u00e0 situa\u00e7\u00e3o atual do afectado, se considerando como exatos quando sejam facilitados por este. Se resultarem inexatos ou incompletos, dever\u00e3o rectificar-se ou completar no prazo de dez dias desde que conheceu-se seu inexactitud, salvo que a lei estabele\u00e7a outro prazo. De ter-se comunicado os dados a um terceiro conhecido, dever\u00e1 ser-lhe notificado no prazo de dez dias para que proceda a sua rectifica\u00e7\u00e3o ou cancelamento em outros dez. Os dados pessoais ser\u00e3o cancelados quando tenham deixado de ser necess\u00e1rios ou apropriados para dita finalidade, ou quando o solicite o titular no exerc\u00edcio de seu direito de cancelamento, podendo se for o caso, os conservar, devidamente bloqueados.<\/li>\n<li>As entidades aderidas a este C\u00f3digo dever\u00e3o respeitar a privacidade dos utentes, bem como assegurar o segredo e seguran\u00e7a dos dados pessoais, adoptando para isso as medidas t\u00e9cnicas e organizativas necess\u00e1rias, tida conta do estado da tecnologia, a natureza dos dados e os riscos aos que est\u00e3o expostos.<\/li>\n<li>As entidades aderidas a este C\u00f3digo dever\u00e3o apoiar iniciativas para ajudar a educar ao consumidor sobre como proteger seu intimidem nos meios eletr\u00f3nicos de comunica\u00e7\u00e3o a dist\u00e2ncia.<\/li>\n<li>As entidades aderidas a este C\u00f3digo participar\u00e3o activamente nas ac\u00e7\u00f5es formativas que, em mat\u00e9ria de protec\u00e7\u00e3o de dados, se organizem pelas entidades promotoras do sistema de autorregula\u00e7\u00e3o. Ditas ac\u00e7\u00f5es desenvolver-se-\u00e3o ao menos com uma periodicidade bianual e consistir\u00e3o em sess\u00f5es dadas por experientes em protec\u00e7\u00e3o de dados procedentes dos sectores p\u00fablico e\/ou privado. As sess\u00f5es tentar-se-\u00e3o organizar prestando um especial interesse \u00e0s necessidades de pequenas e m\u00e9dias empresas aderidas.<\/li>\n<\/ol>\n<p>&nbsp;<\/p>","protected":false},"excerpt":{"rendered":"<p>Pol\u00edtica de privacidade Raz\u00e3o Social: C\/ Beatriz Ramirez de Mendoza, 39 41520 El Viso del Alcor (Sevilla) Phone: 955 26<\/p>\n","protected":false},"author":1,"featured_media":0,"parent":0,"menu_order":0,"comment_status":"closed","ping_status":"closed","template":"","meta":{"_joinchat":[],"footnotes":""},"class_list":["post-14","page","type-page","status-publish","hentry"],"acf":[],"yoast_head":"<!-- This site is optimized with the Yoast SEO plugin v27.5 - https:\/\/yoast.com\/product\/yoast-seo-wordpress\/ -->\n<title>Pol\u00edtica de privacidade - Visomacs - Dispositivos Apple de segunda mano al mejor precio<\/title>\n<meta name=\"robots\" content=\"index, follow, max-snippet:-1, max-image-preview:large, max-video-preview:-1\" \/>\n<link rel=\"canonical\" href=\"https:\/\/visomacs.com\/politica-de-privacidad\/\" \/>\n<meta property=\"og:locale\" content=\"pt_PT\" \/>\n<meta property=\"og:type\" content=\"article\" \/>\n<meta property=\"og:title\" content=\"[:es]Pol\u00edtica de privacidad[:pt]Pol\u00edtica de privacidade[:] - Visomacs - Dispositivos Apple de segunda mano al mejor precio\" \/>\n<meta property=\"og:description\" content=\"Pol\u00edtica de privacidade Raz\u00e3o Social: C\/ Beatriz Ramirez de Mendoza, 39 41520 El Viso del Alcor (Sevilla) Phone: 955 26\" \/>\n<meta property=\"og:url\" content=\"https:\/\/visomacs.com\/politica-de-privacidad\/\" \/>\n<meta property=\"og:site_name\" content=\"Visomacs - Dispositivos Apple de segunda mano al mejor precio\" \/>\n<meta property=\"article:publisher\" content=\"https:\/\/www.facebook.com\/visomacs\/\" \/>\n<meta property=\"article:modified_time\" content=\"2021-05-27T09:48:24+00:00\" \/>\n<meta name=\"twitter:card\" content=\"summary_large_image\" \/>\n<meta name=\"twitter:label1\" content=\"Tempo estimado de leitura\" \/>\n\t<meta name=\"twitter:data1\" content=\"17 minutos\" \/>\n<!-- \/ Yoast SEO plugin. -->","yoast_head_json":{"title":"[:es]Pol\u00edtica de privacidad[:pt]Pol\u00edtica de privacidade[:] - Visomacs - Dispositivos Apple de segunda mano al mejor precio","robots":{"index":"index","follow":"follow","max-snippet":"max-snippet:-1","max-image-preview":"max-image-preview:large","max-video-preview":"max-video-preview:-1"},"canonical":"https:\/\/visomacs.com\/politica-de-privacidad\/","og_locale":"pt_PT","og_type":"article","og_title":"[:es]Pol\u00edtica de privacidad[:pt]Pol\u00edtica de privacidade[:] - Visomacs - Dispositivos Apple de segunda mano al mejor precio","og_description":"Pol\u00edtica de privacidade Raz\u00e3o Social: C\/ Beatriz Ramirez de Mendoza, 39 41520 El Viso del Alcor (Sevilla) Phone: 955 26","og_url":"https:\/\/visomacs.com\/politica-de-privacidad\/","og_site_name":"Visomacs - Dispositivos Apple de segunda mano al mejor precio","article_publisher":"https:\/\/www.facebook.com\/visomacs\/","article_modified_time":"2021-05-27T09:48:24+00:00","twitter_card":"summary_large_image","twitter_misc":{"Tempo estimado de leitura":"17 minutos"},"schema":{"@context":"https:\/\/schema.org","@graph":[{"@type":"WebPage","@id":"https:\/\/visomacs.com\/politica-de-privacidad\/","url":"https:\/\/visomacs.com\/politica-de-privacidad\/","name":"[:es]Pol\u00edtica de privacidad[:pt]Pol\u00edtica de privacidade[:] - Visomacs - Dispositivos Apple de segunda mano al mejor precio","isPartOf":{"@id":"https:\/\/visomacs.com\/#website"},"datePublished":"2017-10-12T09:36:57+00:00","dateModified":"2021-05-27T09:48:24+00:00","breadcrumb":{"@id":"https:\/\/visomacs.com\/politica-de-privacidad\/#breadcrumb"},"inLanguage":"pt-PT","potentialAction":[{"@type":"ReadAction","target":["https:\/\/visomacs.com\/politica-de-privacidad\/"]}]},{"@type":"BreadcrumbList","@id":"https:\/\/visomacs.com\/politica-de-privacidad\/#breadcrumb","itemListElement":[{"@type":"ListItem","position":1,"name":"Portada","item":"https:\/\/visomacs.com\/"},{"@type":"ListItem","position":2,"name":"Pol\u00edtica de privacidad"}]},{"@type":"WebSite","@id":"https:\/\/visomacs.com\/#website","url":"https:\/\/visomacs.com\/","name":"Visomacs ( a RITEL IT SERVICES group)","description":"Todos nuestros productos son examinados por profesionales y poseen 1 a\u00f1o de garant\u00eda. Realizamos env\u00edos gratuitos 24 h en la pen\u00ednsula. ","publisher":{"@id":"https:\/\/visomacs.com\/#organization"},"potentialAction":[{"@type":"SearchAction","target":{"@type":"EntryPoint","urlTemplate":"https:\/\/visomacs.com\/?s={search_term_string}"},"query-input":{"@type":"PropertyValueSpecification","valueRequired":true,"valueName":"search_term_string"}}],"inLanguage":"pt-PT"},{"@type":"Organization","@id":"https:\/\/visomacs.com\/#organization","name":"Visomacs ( a RITEL IT SERVICES group)","url":"https:\/\/visomacs.com\/","logo":{"@type":"ImageObject","inLanguage":"pt-PT","@id":"https:\/\/visomacs.com\/#\/schema\/logo\/image\/","url":"https:\/\/visomacs.com\/wp-content\/uploads\/2017\/10\/logo.png","contentUrl":"https:\/\/visomacs.com\/wp-content\/uploads\/2017\/10\/logo.png","width":235,"height":40,"caption":"Visomacs ( a RITEL IT SERVICES group)"},"image":{"@id":"https:\/\/visomacs.com\/#\/schema\/logo\/image\/"},"sameAs":["https:\/\/www.facebook.com\/visomacs\/","https:\/\/www.instagram.com\/visomacs\/"]}]}},"_links":{"self":[{"href":"https:\/\/visomacs.com\/pt\/wp-json\/wp\/v2\/pages\/14","targetHints":{"allow":["GET"]}}],"collection":[{"href":"https:\/\/visomacs.com\/pt\/wp-json\/wp\/v2\/pages"}],"about":[{"href":"https:\/\/visomacs.com\/pt\/wp-json\/wp\/v2\/types\/page"}],"author":[{"embeddable":true,"href":"https:\/\/visomacs.com\/pt\/wp-json\/wp\/v2\/users\/1"}],"replies":[{"embeddable":true,"href":"https:\/\/visomacs.com\/pt\/wp-json\/wp\/v2\/comments?post=14"}],"version-history":[{"count":1,"href":"https:\/\/visomacs.com\/pt\/wp-json\/wp\/v2\/pages\/14\/revisions"}],"predecessor-version":[{"id":31075,"href":"https:\/\/visomacs.com\/pt\/wp-json\/wp\/v2\/pages\/14\/revisions\/31075"}],"wp:attachment":[{"href":"https:\/\/visomacs.com\/pt\/wp-json\/wp\/v2\/media?parent=14"}],"curies":[{"name":"wp","href":"https:\/\/api.w.org\/{rel}","templated":true}]}}