{"id":18047,"date":"2017-10-18T18:59:47","date_gmt":"2017-10-18T16:59:47","guid":{"rendered":"http:\/\/visomacs.com\/?page_id=18047"},"modified":"2020-02-20T18:06:13","modified_gmt":"2020-02-20T17:06:13","slug":"servicio-tecnico-apple-iphone-macbook-sevilla","status":"publish","type":"page","link":"https:\/\/visomacs.com\/pt\/servicio-tecnico-apple-iphone-macbook-sevilla\/","title":{"rendered":"SAT"},"content":{"rendered":"<p><div class=\"fusion-fullwidth fullwidth-box fusion-builder-row-2 nonhundred-percent-fullwidth non-hundred-percent-height-scrolling\" style=\"--awb-border-radius-top-left:0px;--awb-border-radius-top-right:0px;--awb-border-radius-bottom-right:0px;--awb-border-radius-bottom-left:0px;--awb-flex-wrap:wrap;\" ><div class=\"fusion-builder-row fusion-row\"><div class=\"fusion-layout-column fusion_builder_column fusion-builder-column-1 fusion_builder_column_1_1 1_1 fusion-one-full fusion-column-first fusion-column-last\" style=\"--awb-bg-size:cover;\"><div class=\"fusion-column-wrapper fusion-flex-column-wrapper-legacy\"><div class=\"fusion-image-element fusion-image-align-center in-legacy-container\" style=\"text-align:center;--awb-caption-title-font-family:var(--h2_typography-font-family);--awb-caption-title-font-weight:var(--h2_typography-font-weight);--awb-caption-title-font-style:var(--h2_typography-font-style);--awb-caption-title-size:var(--h2_typography-font-size);--awb-caption-title-transform:var(--h2_typography-text-transform);--awb-caption-title-line-height:var(--h2_typography-line-height);--awb-caption-title-letter-spacing:var(--h2_typography-letter-spacing);\"><div class=\"imageframe-align-center\"><span class=\" fusion-imageframe imageframe-none imageframe-2 hover-type-none\" style=\"border-radius:10px;\"><img decoding=\"async\" width=\"930\" height=\"400\" title=\"sat\" src=\"https:\/\/visomacs.com\/wp-content\/uploads\/2017\/10\/sat.jpg\" data-orig-src=\"http:\/\/visomacs.com\/wp-content\/uploads\/2017\/10\/sat.jpg\" alt class=\"lazyload img-responsive wp-image-18094\" srcset=\"data:image\/svg+xml,%3Csvg%20xmlns%3D%27http%3A%2F%2Fwww.w3.org%2F2000%2Fsvg%27%20width%3D%27930%27%20height%3D%27400%27%20viewBox%3D%270%200%20930%20400%27%3E%3Crect%20width%3D%27930%27%20height%3D%27400%27%20fill-opacity%3D%220%22%2F%3E%3C%2Fsvg%3E\" data-srcset=\"https:\/\/visomacs.com\/wp-content\/uploads\/2017\/10\/sat-200x86.jpg 200w, https:\/\/visomacs.com\/wp-content\/uploads\/2017\/10\/sat-400x172.jpg 400w, https:\/\/visomacs.com\/wp-content\/uploads\/2017\/10\/sat-600x258.jpg 600w, https:\/\/visomacs.com\/wp-content\/uploads\/2017\/10\/sat-800x344.jpg 800w, https:\/\/visomacs.com\/wp-content\/uploads\/2017\/10\/sat.jpg 930w\" data-sizes=\"auto\" data-orig-sizes=\"(max-width: 800px) 100vw, 930px\" \/><\/span><\/div><\/div><div class=\"fusion-sep-clear\"><\/div><div class=\"fusion-separator fusion-full-width-sep\" style=\"margin-left: auto;margin-right: auto;margin-top:15px;margin-bottom:0px;width:100%;\"><\/div><div class=\"fusion-sep-clear\"><\/div><div class=\"fusion-text fusion-text-2\"><p>Na <strong>VISOMACS<\/strong> somos especialistas na repara\u00e7\u00e3o do seu dispositivo <strong>APPLE, MACBOOK e IMAC<\/strong> com todas as garantias.<\/p>\n<p>Repara\u00e7\u00e3o de placas l\u00f3gicas por falha no chip gr\u00e1fico, mem\u00f3ria integrada, danos causados por \u00e1gua, quedas, etc., utilizando maquinaria de \u00faltima gera\u00e7\u00e3o para reballing ou remontagem de chips.<\/p>\n<p>Reparamos tamb\u00e9m <strong>IPADS<\/strong> e <strong>IPHONES<\/strong> com todas as garantias.<\/p>\n<p>PE\u00c7A O SEU OR\u00c7AMENTO PARA REPARA\u00c7\u00c3O OU OTIMIZA\u00c7\u00c3O nas nossas instala\u00e7\u00f5es, por e-mail para care@visomacs.com ou por telefone para o <strong>+34 955 26 88 88<\/strong><\/p>\n<p>Oferecemos 3 meses de garantia em todas as nossas repara\u00e7\u00f5es.<\/p>\n<p>Se n\u00e3o deseja deslocar-se, por um pequeno custo adicional pode solicitar a recolha ao domic\u00edlio do seu equipamento para fazer o or\u00e7amento para repara\u00e7\u00e3o ou otimiza\u00e7\u00e3o.<\/p>\n<\/div><div class=\"fusion-clearfix\"><\/div><\/div><\/div><\/div><\/div><\/p>","protected":false},"excerpt":{"rendered":"","protected":false},"author":1,"featured_media":0,"parent":0,"menu_order":0,"comment_status":"closed","ping_status":"closed","template":"","meta":{"_joinchat":[],"footnotes":""},"class_list":["post-18047","page","type-page","status-publish","hentry"],"acf":[],"yoast_head":"<!-- This site is optimized with the Yoast SEO plugin v27.5 - https:\/\/yoast.com\/product\/yoast-seo-wordpress\/ -->\n<title>Servici\u00f3 T\u00e9cnico Apple, iPhone y Mac en Sevilla - Garant\u00eda de 3 meses<\/title>\n<meta name=\"description\" content=\"Expertos en la reparaci\u00f3n de productos Apple en Sevilla (Macbook, IPad, IPhone...) con 3 meses de garant\u00eda. \u00a1Contacte con nuestros servicio t\u00e9cnico Apple!\" \/>\n<meta name=\"robots\" content=\"index, follow, max-snippet:-1, max-image-preview:large, max-video-preview:-1\" \/>\n<link rel=\"canonical\" href=\"https:\/\/visomacs.com\/pt\/servicio-tecnico-apple-iphone-macbook-sevilla\/\" \/>\n<meta property=\"og:locale\" content=\"pt_PT\" \/>\n<meta property=\"og:type\" content=\"article\" \/>\n<meta property=\"og:title\" content=\"Servici\u00f3 T\u00e9cnico Apple, iPhone y Mac en Sevilla - Garant\u00eda de 3 meses\" \/>\n<meta property=\"og:description\" content=\"Expertos en la reparaci\u00f3n de productos Apple en Sevilla (Macbook, IPad, IPhone...) con 3 meses de garant\u00eda. \u00a1Contacte con nuestros servicio t\u00e9cnico Apple!\" \/>\n<meta property=\"og:url\" content=\"https:\/\/visomacs.com\/pt\/servicio-tecnico-apple-iphone-macbook-sevilla\/\" \/>\n<meta property=\"og:site_name\" content=\"Visomacs - Dispositivos Apple de segunda mano al mejor precio\" \/>\n<meta property=\"article:publisher\" content=\"https:\/\/www.facebook.com\/visomacs\/\" \/>\n<meta property=\"article:modified_time\" content=\"2020-02-20T17:06:13+00:00\" \/>\n<meta name=\"twitter:card\" content=\"summary_large_image\" \/>\n<meta name=\"twitter:label1\" content=\"Tempo estimado de leitura\" \/>\n\t<meta name=\"twitter:data1\" content=\"4 minutos\" \/>\n<!-- \/ Yoast SEO plugin. -->","yoast_head_json":{"title":"Servici\u00f3 T\u00e9cnico Apple, iPhone y Mac en Sevilla - Garant\u00eda de 3 meses","description":"Expertos en la reparaci\u00f3n de productos Apple en Sevilla (Macbook, IPad, IPhone...) con 3 meses de garant\u00eda. \u00a1Contacte con nuestros servicio t\u00e9cnico Apple!","robots":{"index":"index","follow":"follow","max-snippet":"max-snippet:-1","max-image-preview":"max-image-preview:large","max-video-preview":"max-video-preview:-1"},"canonical":"https:\/\/visomacs.com\/pt\/servicio-tecnico-apple-iphone-macbook-sevilla\/","og_locale":"pt_PT","og_type":"article","og_title":"Servici\u00f3 T\u00e9cnico Apple, iPhone y Mac en Sevilla - Garant\u00eda de 3 meses","og_description":"Expertos en la reparaci\u00f3n de productos Apple en Sevilla (Macbook, IPad, IPhone...) con 3 meses de garant\u00eda. \u00a1Contacte con nuestros servicio t\u00e9cnico Apple!","og_url":"https:\/\/visomacs.com\/pt\/servicio-tecnico-apple-iphone-macbook-sevilla\/","og_site_name":"Visomacs - Dispositivos Apple de segunda mano al mejor precio","article_publisher":"https:\/\/www.facebook.com\/visomacs\/","article_modified_time":"2020-02-20T17:06:13+00:00","twitter_card":"summary_large_image","twitter_misc":{"Tempo estimado de leitura":"4 minutos"},"schema":{"@context":"https:\/\/schema.org","@graph":[{"@type":"WebPage","@id":"https:\/\/visomacs.com\/pt\/servicio-tecnico-apple-iphone-macbook-sevilla\/","url":"https:\/\/visomacs.com\/pt\/servicio-tecnico-apple-iphone-macbook-sevilla\/","name":"Servici\u00f3 T\u00e9cnico Apple, iPhone y Mac en Sevilla - Garant\u00eda de 3 meses","isPartOf":{"@id":"https:\/\/visomacs.com\/#website"},"datePublished":"2017-10-18T16:59:47+00:00","dateModified":"2020-02-20T17:06:13+00:00","description":"Expertos en la reparaci\u00f3n de productos Apple en Sevilla (Macbook, IPad, IPhone...) con 3 meses de garant\u00eda. \u00a1Contacte con nuestros servicio t\u00e9cnico Apple!","breadcrumb":{"@id":"https:\/\/visomacs.com\/pt\/servicio-tecnico-apple-iphone-macbook-sevilla\/#breadcrumb"},"inLanguage":"pt-PT","potentialAction":[{"@type":"ReadAction","target":["https:\/\/visomacs.com\/pt\/servicio-tecnico-apple-iphone-macbook-sevilla\/"]}]},{"@type":"BreadcrumbList","@id":"https:\/\/visomacs.com\/pt\/servicio-tecnico-apple-iphone-macbook-sevilla\/#breadcrumb","itemListElement":[{"@type":"ListItem","position":1,"name":"Portada","item":"https:\/\/visomacs.com\/"},{"@type":"ListItem","position":2,"name":"SAT"}]},{"@type":"WebSite","@id":"https:\/\/visomacs.com\/#website","url":"https:\/\/visomacs.com\/","name":"Visomacs ( a RITEL IT SERVICES group)","description":"Todos nuestros productos son examinados por profesionales y poseen 1 a\u00f1o de garant\u00eda. Realizamos env\u00edos gratuitos 24 h en la pen\u00ednsula. ","publisher":{"@id":"https:\/\/visomacs.com\/#organization"},"potentialAction":[{"@type":"SearchAction","target":{"@type":"EntryPoint","urlTemplate":"https:\/\/visomacs.com\/?s={search_term_string}"},"query-input":{"@type":"PropertyValueSpecification","valueRequired":true,"valueName":"search_term_string"}}],"inLanguage":"pt-PT"},{"@type":"Organization","@id":"https:\/\/visomacs.com\/#organization","name":"Visomacs ( a RITEL IT SERVICES group)","url":"https:\/\/visomacs.com\/","logo":{"@type":"ImageObject","inLanguage":"pt-PT","@id":"https:\/\/visomacs.com\/#\/schema\/logo\/image\/","url":"https:\/\/visomacs.com\/wp-content\/uploads\/2017\/10\/logo.png","contentUrl":"https:\/\/visomacs.com\/wp-content\/uploads\/2017\/10\/logo.png","width":235,"height":40,"caption":"Visomacs ( a RITEL IT SERVICES group)"},"image":{"@id":"https:\/\/visomacs.com\/#\/schema\/logo\/image\/"},"sameAs":["https:\/\/www.facebook.com\/visomacs\/","https:\/\/www.instagram.com\/visomacs\/"]}]}},"_links":{"self":[{"href":"https:\/\/visomacs.com\/pt\/wp-json\/wp\/v2\/pages\/18047","targetHints":{"allow":["GET"]}}],"collection":[{"href":"https:\/\/visomacs.com\/pt\/wp-json\/wp\/v2\/pages"}],"about":[{"href":"https:\/\/visomacs.com\/pt\/wp-json\/wp\/v2\/types\/page"}],"author":[{"embeddable":true,"href":"https:\/\/visomacs.com\/pt\/wp-json\/wp\/v2\/users\/1"}],"replies":[{"embeddable":true,"href":"https:\/\/visomacs.com\/pt\/wp-json\/wp\/v2\/comments?post=18047"}],"version-history":[{"count":0,"href":"https:\/\/visomacs.com\/pt\/wp-json\/wp\/v2\/pages\/18047\/revisions"}],"wp:attachment":[{"href":"https:\/\/visomacs.com\/pt\/wp-json\/wp\/v2\/media?parent=18047"}],"curies":[{"name":"wp","href":"https:\/\/api.w.org\/{rel}","templated":true}]}}