{"id":18049,"date":"2017-10-18T19:00:17","date_gmt":"2017-10-18T17:00:17","guid":{"rendered":"http:\/\/visomacs.com\/?page_id=18049"},"modified":"2021-05-27T11:21:15","modified_gmt":"2021-05-27T09:21:15","slug":"financiacion-iphone-ipad-macbook","status":"publish","type":"page","link":"https:\/\/visomacs.com\/pt\/financiacion-iphone-ipad-macbook\/","title":{"rendered":"Financiamento"},"content":{"rendered":"<p><div class=\"fusion-fullwidth fullwidth-box fusion-builder-row-2 nonhundred-percent-fullwidth non-hundred-percent-height-scrolling\" style=\"--awb-border-radius-top-left:0px;--awb-border-radius-top-right:0px;--awb-border-radius-bottom-right:0px;--awb-border-radius-bottom-left:0px;--awb-flex-wrap:wrap;\" ><div class=\"fusion-builder-row fusion-row\"><div class=\"fusion-layout-column fusion_builder_column fusion-builder-column-1 fusion_builder_column_1_1 1_1 fusion-one-full fusion-column-first fusion-column-last\" style=\"--awb-bg-size:cover;\"><div class=\"fusion-column-wrapper fusion-flex-column-wrapper-legacy\"><div class=\"fusion-image-element fusion-image-align-center in-legacy-container\" style=\"text-align:center;--awb-caption-title-font-family:var(--h2_typography-font-family);--awb-caption-title-font-weight:var(--h2_typography-font-weight);--awb-caption-title-font-style:var(--h2_typography-font-style);--awb-caption-title-size:var(--h2_typography-font-size);--awb-caption-title-transform:var(--h2_typography-text-transform);--awb-caption-title-line-height:var(--h2_typography-line-height);--awb-caption-title-letter-spacing:var(--h2_typography-letter-spacing);\"><div class=\"imageframe-align-center\"><span class=\" fusion-imageframe imageframe-none imageframe-2 hover-type-none\" style=\"border-radius:10px;\"><img decoding=\"async\" width=\"930\" height=\"400\" title=\"financiacion\" src=\"https:\/\/visomacs.com\/wp-content\/uploads\/2017\/10\/financiacion.jpg\" data-orig-src=\"http:\/\/visomacs.com\/wp-content\/uploads\/2017\/10\/financiacion.jpg\" alt class=\"lazyload img-responsive wp-image-18107\" srcset=\"data:image\/svg+xml,%3Csvg%20xmlns%3D%27http%3A%2F%2Fwww.w3.org%2F2000%2Fsvg%27%20width%3D%27930%27%20height%3D%27400%27%20viewBox%3D%270%200%20930%20400%27%3E%3Crect%20width%3D%27930%27%20height%3D%27400%27%20fill-opacity%3D%220%22%2F%3E%3C%2Fsvg%3E\" data-srcset=\"https:\/\/visomacs.com\/wp-content\/uploads\/2017\/10\/financiacion-200x86.jpg 200w, https:\/\/visomacs.com\/wp-content\/uploads\/2017\/10\/financiacion-400x172.jpg 400w, https:\/\/visomacs.com\/wp-content\/uploads\/2017\/10\/financiacion-600x258.jpg 600w, https:\/\/visomacs.com\/wp-content\/uploads\/2017\/10\/financiacion-800x344.jpg 800w, https:\/\/visomacs.com\/wp-content\/uploads\/2017\/10\/financiacion.jpg 930w\" data-sizes=\"auto\" data-orig-sizes=\"(max-width: 800px) 100vw, 930px\" \/><\/span><\/div><\/div><div class=\"fusion-sep-clear\"><\/div><div class=\"fusion-separator fusion-full-width-sep\" style=\"margin-left: auto;margin-right: auto;margin-top:15px;margin-bottom:0px;width:100%;\"><\/div><div class=\"fusion-sep-clear\"><\/div><div class=\"fusion-text fusion-text-2\"><p>Deseja financiar o seu equipamento? Na Visomacs atendemos sempre \u00e0s necessidades dos nossos clientes, por isso oferecemos-lhe v\u00e1rios servi\u00e7os de financiamento:<\/p>\n<ul>\n<li>Financiamento por CAIXABANK CONSUMER FINANCE, com as melhores condi\u00e7\u00f5es do mercado.<\/li>\n<\/ul>\n<p>Contacte-nos atrav\u00e9s do +34 955 26 88 88 ou preencha o formul\u00e1rio seguinte para qualquer d\u00favida ou sugest\u00e3o.<\/p>\n<\/div>\n<div class=\"wpcf7 no-js\" id=\"wpcf7-f19178-o2\" lang=\"es-ES\" dir=\"ltr\" data-wpcf7-id=\"19178\">\n<div class=\"screen-reader-response\"><p role=\"status\" aria-live=\"polite\" aria-atomic=\"true\"><\/p> <ul><\/ul><\/div>\n<form action=\"\/pt\/wp-json\/wp\/v2\/pages\/18049#wpcf7-f19178-o2\" method=\"post\" class=\"wpcf7-form init\" aria-label=\"Formulario de contacto\" novalidate=\"novalidate\" data-status=\"init\">\n<fieldset class=\"hidden-fields-container\"><input type=\"hidden\" name=\"_wpcf7\" value=\"19178\" \/><input type=\"hidden\" name=\"_wpcf7_version\" value=\"6.1.5\" \/><input type=\"hidden\" name=\"_wpcf7_locale\" value=\"es_ES\" \/><input type=\"hidden\" name=\"_wpcf7_unit_tag\" value=\"wpcf7-f19178-o2\" \/><input type=\"hidden\" name=\"_wpcf7_container_post\" value=\"0\" \/><input type=\"hidden\" name=\"_wpcf7_posted_data_hash\" value=\"\" \/><input type=\"hidden\" name=\"_wpcf7_recaptcha_response\" value=\"\" \/>\n<\/fieldset>\n<p><label aria-label=\"Name\"><span class=\"wpcf7-form-control-wrap\" data-name=\"y-name\"><input size=\"40\" maxlength=\"400\" class=\"wpcf7-form-control wpcf7-text wpcf7-validates-as-required\" aria-required=\"true\" aria-invalid=\"false\" placeholder=\"Nome *\" value=\"\" type=\"text\" name=\"y-name\" \/><\/span><\/label>\n<\/p>\n<p><label aria-label=\"Email\"><span class=\"wpcf7-form-control-wrap\" data-name=\"y-email\"><input size=\"40\" maxlength=\"400\" class=\"wpcf7-form-control wpcf7-email wpcf7-validates-as-required wpcf7-text wpcf7-validates-as-email\" aria-required=\"true\" aria-invalid=\"false\" placeholder=\"Email *\" value=\"\" type=\"email\" name=\"y-email\" \/><\/span><\/label>\n<\/p>\n<p><label aria-label=\"Tel\u00e9fono\"><span class=\"wpcf7-form-control-wrap\" data-name=\"y-tel\"><input size=\"40\" maxlength=\"400\" class=\"wpcf7-form-control wpcf7-tel wpcf7-validates-as-required wpcf7-text wpcf7-validates-as-tel\" aria-required=\"true\" aria-invalid=\"false\" placeholder=\"Telefone *\" value=\"\" type=\"tel\" name=\"y-tel\" \/><\/span><\/label>\n<\/p>\n<p><label aria-label=\"Message\"><span class=\"wpcf7-form-control-wrap\" data-name=\"y-message\"><textarea cols=\"40\" rows=\"3\" maxlength=\"2000\" class=\"wpcf7-form-control wpcf7-textarea wpcf7-validates-as-required\" aria-required=\"true\" aria-invalid=\"false\" placeholder=\"Mensagem *\" name=\"y-message\"><\/textarea><\/span><\/label>\n<\/p>\n<p><span class=\"wpcf7-form-control-wrap\" data-name=\"aceptacion\"><span class=\"wpcf7-form-control wpcf7-acceptance\"><span class=\"wpcf7-list-item\"><input type=\"checkbox\" name=\"aceptacion\" value=\"1\" aria-invalid=\"false\" \/><\/span><\/span><\/span> Acepto facilitar mis datos para recibir informaci\u00f3n.<small><br \/>\n*Mediante el env\u00edo de mis datos personales confirmo que he le\u00eddo y acepto la <a href=\"\/politica-de-privacidad\/\" target=\"_blank\">pol\u00edtica de privacidad<\/a><\/small>\n<\/p>\n<p><small><strong>INFORMACI\u00d3N SOBRE PROTECCI\u00d3N DE DATOS<\/strong><br \/>\n<strong>Responsable del tratamiento:<\/strong> RITEL IT SERVICES, SL<strong>Finalidad del tratamiento:<\/strong> Gesti\u00f3n y control de las relaciones contractuales, as\u00ed como para la actividad de publicidad o de prospecci\u00f3n comercial sobre nuestros productos y servicios. <strong>Legitimaci\u00f3n del tratamiento:<\/strong> Consentimiento del interesado. <strong>Destinatarios:<\/strong> No se ceder\u00e1n datos a terceros, salvo obligaci\u00f3n legal. Derechos: Acceso, rectificaci\u00f3n y supresi\u00f3n de los datos, as\u00ed como otros derechos, como se explica en la informaci\u00f3n adicional. M\u00e1s informaci\u00f3n en <a href=\"\/politica-de-privacidad\/\" target=\"_blank\">nuestras pol\u00edticas de privacidad<\/a><\/small>\n<\/p>\n<p><input class=\"wpcf7-form-control wpcf7-submit has-spinner\" type=\"submit\" value=\"Enviar\" \/>\n<\/p><div class=\"fusion-alert alert custom alert-custom fusion-alert-center wpcf7-response-output fusion-alert-capitalize awb-alert-native-link-color alert-dismissable awb-alert-close-boxed\" style=\"--awb-border-top-left-radius:0px;--awb-border-top-right-radius:0px;--awb-border-bottom-left-radius:0px;--awb-border-bottom-right-radius:0px;\" role=\"alert\"><div class=\"fusion-alert-content-wrapper\"><span class=\"fusion-alert-content\"><\/span><\/div><button type=\"button\" class=\"close toggle-alert\" data-dismiss=\"alert\" aria-label=\"Close\">&times;<\/button><\/div>\n<\/form>\n<\/div>\n<div class=\"fusion-clearfix\"><\/div><\/div><\/div><\/div><\/div><\/p>","protected":false},"excerpt":{"rendered":"","protected":false},"author":1,"featured_media":0,"parent":0,"menu_order":0,"comment_status":"closed","ping_status":"closed","template":"","meta":{"_joinchat":[],"footnotes":""},"class_list":["post-18049","page","type-page","status-publish","hentry"],"acf":[],"yoast_head":"<!-- This site is optimized with the Yoast SEO plugin v27.5 - https:\/\/yoast.com\/product\/yoast-seo-wordpress\/ -->\n<title>Financia tu iPhone, iPad o MacBook - Pago a Plazos Apple en Sevilla<\/title>\n<meta name=\"description\" content=\"Contamos con diversas formas de financiaci\u00f3n para que comprar tu producto Apple (iPhone, iPad, MacBook...) sea muy f\u00e1cil. \u00a1Paga a plazos sin problemas!\" \/>\n<meta name=\"robots\" content=\"index, follow, max-snippet:-1, max-image-preview:large, max-video-preview:-1\" \/>\n<link rel=\"canonical\" href=\"https:\/\/visomacs.com\/financiacion-iphone-ipad-macbook\/\" \/>\n<meta property=\"og:locale\" content=\"pt_PT\" \/>\n<meta property=\"og:type\" content=\"article\" \/>\n<meta property=\"og:title\" content=\"Financia tu iPhone, iPad o MacBook - Pago a Plazos Apple en Sevilla\" \/>\n<meta property=\"og:description\" content=\"Contamos con diversas formas de financiaci\u00f3n para que comprar tu producto Apple (iPhone, iPad, MacBook...) sea muy f\u00e1cil. \u00a1Paga a plazos sin problemas!\" \/>\n<meta property=\"og:url\" content=\"https:\/\/visomacs.com\/financiacion-iphone-ipad-macbook\/\" \/>\n<meta property=\"og:site_name\" content=\"Visomacs - Dispositivos Apple de segunda mano al mejor precio\" \/>\n<meta property=\"article:publisher\" content=\"https:\/\/www.facebook.com\/visomacs\/\" \/>\n<meta property=\"article:modified_time\" content=\"2021-05-27T09:21:15+00:00\" \/>\n<meta name=\"twitter:card\" content=\"summary_large_image\" \/>\n<meta name=\"twitter:label1\" content=\"Tempo estimado de leitura\" \/>\n\t<meta name=\"twitter:data1\" content=\"3 minutos\" \/>\n<!-- \/ Yoast SEO plugin. -->","yoast_head_json":{"title":"Financia tu iPhone, iPad o MacBook - Pago a Plazos Apple en Sevilla","description":"Contamos con diversas formas de financiaci\u00f3n para que comprar tu producto Apple (iPhone, iPad, MacBook...) sea muy f\u00e1cil. \u00a1Paga a plazos sin problemas!","robots":{"index":"index","follow":"follow","max-snippet":"max-snippet:-1","max-image-preview":"max-image-preview:large","max-video-preview":"max-video-preview:-1"},"canonical":"https:\/\/visomacs.com\/financiacion-iphone-ipad-macbook\/","og_locale":"pt_PT","og_type":"article","og_title":"Financia tu iPhone, iPad o MacBook - Pago a Plazos Apple en Sevilla","og_description":"Contamos con diversas formas de financiaci\u00f3n para que comprar tu producto Apple (iPhone, iPad, MacBook...) sea muy f\u00e1cil. \u00a1Paga a plazos sin problemas!","og_url":"https:\/\/visomacs.com\/financiacion-iphone-ipad-macbook\/","og_site_name":"Visomacs - Dispositivos Apple de segunda mano al mejor precio","article_publisher":"https:\/\/www.facebook.com\/visomacs\/","article_modified_time":"2021-05-27T09:21:15+00:00","twitter_card":"summary_large_image","twitter_misc":{"Tempo estimado de leitura":"3 minutos"},"schema":{"@context":"https:\/\/schema.org","@graph":[{"@type":"WebPage","@id":"https:\/\/visomacs.com\/financiacion-iphone-ipad-macbook\/","url":"https:\/\/visomacs.com\/financiacion-iphone-ipad-macbook\/","name":"Financia tu iPhone, iPad o MacBook - Pago a Plazos Apple en Sevilla","isPartOf":{"@id":"https:\/\/visomacs.com\/#website"},"datePublished":"2017-10-18T17:00:17+00:00","dateModified":"2021-05-27T09:21:15+00:00","description":"Contamos con diversas formas de financiaci\u00f3n para que comprar tu producto Apple (iPhone, iPad, MacBook...) sea muy f\u00e1cil. \u00a1Paga a plazos sin problemas!","breadcrumb":{"@id":"https:\/\/visomacs.com\/financiacion-iphone-ipad-macbook\/#breadcrumb"},"inLanguage":"pt-PT","potentialAction":[{"@type":"ReadAction","target":["https:\/\/visomacs.com\/financiacion-iphone-ipad-macbook\/"]}]},{"@type":"BreadcrumbList","@id":"https:\/\/visomacs.com\/financiacion-iphone-ipad-macbook\/#breadcrumb","itemListElement":[{"@type":"ListItem","position":1,"name":"Portada","item":"https:\/\/visomacs.com\/"},{"@type":"ListItem","position":2,"name":"Financiaci\u00f3n"}]},{"@type":"WebSite","@id":"https:\/\/visomacs.com\/#website","url":"https:\/\/visomacs.com\/","name":"Visomacs ( a RITEL IT SERVICES group)","description":"Todos nuestros productos son examinados por profesionales y poseen 1 a\u00f1o de garant\u00eda. Realizamos env\u00edos gratuitos 24 h en la pen\u00ednsula. ","publisher":{"@id":"https:\/\/visomacs.com\/#organization"},"potentialAction":[{"@type":"SearchAction","target":{"@type":"EntryPoint","urlTemplate":"https:\/\/visomacs.com\/?s={search_term_string}"},"query-input":{"@type":"PropertyValueSpecification","valueRequired":true,"valueName":"search_term_string"}}],"inLanguage":"pt-PT"},{"@type":"Organization","@id":"https:\/\/visomacs.com\/#organization","name":"Visomacs ( a RITEL IT SERVICES group)","url":"https:\/\/visomacs.com\/","logo":{"@type":"ImageObject","inLanguage":"pt-PT","@id":"https:\/\/visomacs.com\/#\/schema\/logo\/image\/","url":"https:\/\/visomacs.com\/wp-content\/uploads\/2017\/10\/logo.png","contentUrl":"https:\/\/visomacs.com\/wp-content\/uploads\/2017\/10\/logo.png","width":235,"height":40,"caption":"Visomacs ( a RITEL IT SERVICES group)"},"image":{"@id":"https:\/\/visomacs.com\/#\/schema\/logo\/image\/"},"sameAs":["https:\/\/www.facebook.com\/visomacs\/","https:\/\/www.instagram.com\/visomacs\/"]}]}},"_links":{"self":[{"href":"https:\/\/visomacs.com\/pt\/wp-json\/wp\/v2\/pages\/18049","targetHints":{"allow":["GET"]}}],"collection":[{"href":"https:\/\/visomacs.com\/pt\/wp-json\/wp\/v2\/pages"}],"about":[{"href":"https:\/\/visomacs.com\/pt\/wp-json\/wp\/v2\/types\/page"}],"author":[{"embeddable":true,"href":"https:\/\/visomacs.com\/pt\/wp-json\/wp\/v2\/users\/1"}],"replies":[{"embeddable":true,"href":"https:\/\/visomacs.com\/pt\/wp-json\/wp\/v2\/comments?post=18049"}],"version-history":[{"count":1,"href":"https:\/\/visomacs.com\/pt\/wp-json\/wp\/v2\/pages\/18049\/revisions"}],"predecessor-version":[{"id":31073,"href":"https:\/\/visomacs.com\/pt\/wp-json\/wp\/v2\/pages\/18049\/revisions\/31073"}],"wp:attachment":[{"href":"https:\/\/visomacs.com\/pt\/wp-json\/wp\/v2\/media?parent=18049"}],"curies":[{"name":"wp","href":"https:\/\/api.w.org\/{rel}","templated":true}]}}