{"id":18052,"date":"2017-10-18T19:01:34","date_gmt":"2017-10-18T17:01:34","guid":{"rendered":"http:\/\/visomacs.com\/?page_id=18052"},"modified":"2023-07-17T17:55:02","modified_gmt":"2023-07-17T15:55:02","slug":"contacto-sat-apple-sevilla","status":"publish","type":"page","link":"https:\/\/visomacs.com\/pt\/contacto-sat-apple-sevilla\/","title":{"rendered":"Contacto"},"content":{"rendered":"<p><div class=\"fusion-fullwidth fullwidth-box fusion-builder-row-3 nonhundred-percent-fullwidth non-hundred-percent-height-scrolling\" style=\"--awb-border-radius-top-left:0px;--awb-border-radius-top-right:0px;--awb-border-radius-bottom-right:0px;--awb-border-radius-bottom-left:0px;--awb-flex-wrap:wrap;\" ><div class=\"fusion-builder-row fusion-row\"><div class=\"fusion-layout-column fusion_builder_column fusion-builder-column-3 fusion_builder_column_1_3 1_3 fusion-one-third fusion-column-first\" style=\"--awb-bg-size:cover;width:33.333333333333%;width:calc(33.333333333333% - ( ( 4% ) * 0.33333333333333 ) );margin-right: 4%;\"><div class=\"fusion-column-wrapper fusion-flex-column-wrapper-legacy\"><div class=\"fusion-title title fusion-title-3 fusion-title-text fusion-title-size-three\" style=\"--awb-margin-bottom:10px;--awb-margin-top-small:10px;--awb-margin-right-small:0px;--awb-margin-bottom-small:10px;--awb-margin-left-small:0px;\"><h3 class=\"fusion-title-heading title-heading-left fusion-responsive-typography-calculated\" style=\"margin:0;--fontSize:16;--minFontSize:16;line-height:1.88;\">FORMUL\u00c1RIO DE CONTACTO<\/h3><span class=\"awb-title-spacer\"><\/span><div class=\"title-sep-container\"><div class=\"title-sep sep-single sep-solid\" style=\"border-color:#e0dede;\"><\/div><\/div><\/div>\n<div class=\"wpcf7 no-js\" id=\"wpcf7-f19178-o2\" lang=\"es-ES\" dir=\"ltr\" data-wpcf7-id=\"19178\">\n<div class=\"screen-reader-response\"><p role=\"status\" aria-live=\"polite\" aria-atomic=\"true\"><\/p> <ul><\/ul><\/div>\n<form action=\"\/pt\/wp-json\/wp\/v2\/pages\/18052#wpcf7-f19178-o2\" method=\"post\" class=\"wpcf7-form init\" aria-label=\"Formulario de contacto\" novalidate=\"novalidate\" data-status=\"init\">\n<fieldset class=\"hidden-fields-container\"><input type=\"hidden\" name=\"_wpcf7\" value=\"19178\" \/><input type=\"hidden\" name=\"_wpcf7_version\" value=\"6.1.5\" \/><input type=\"hidden\" name=\"_wpcf7_locale\" value=\"es_ES\" \/><input type=\"hidden\" name=\"_wpcf7_unit_tag\" value=\"wpcf7-f19178-o2\" \/><input type=\"hidden\" name=\"_wpcf7_container_post\" value=\"0\" \/><input type=\"hidden\" name=\"_wpcf7_posted_data_hash\" value=\"\" \/><input type=\"hidden\" name=\"_wpcf7_recaptcha_response\" value=\"\" \/>\n<\/fieldset>\n<p><label aria-label=\"Name\"><span class=\"wpcf7-form-control-wrap\" data-name=\"y-name\"><input size=\"40\" maxlength=\"400\" class=\"wpcf7-form-control wpcf7-text wpcf7-validates-as-required\" aria-required=\"true\" aria-invalid=\"false\" placeholder=\"Nome *\" value=\"\" type=\"text\" name=\"y-name\" \/><\/span><\/label>\n<\/p>\n<p><label aria-label=\"Email\"><span class=\"wpcf7-form-control-wrap\" data-name=\"y-email\"><input size=\"40\" maxlength=\"400\" class=\"wpcf7-form-control wpcf7-email wpcf7-validates-as-required wpcf7-text wpcf7-validates-as-email\" aria-required=\"true\" aria-invalid=\"false\" placeholder=\"Email *\" value=\"\" type=\"email\" name=\"y-email\" \/><\/span><\/label>\n<\/p>\n<p><label aria-label=\"Tel\u00e9fono\"><span class=\"wpcf7-form-control-wrap\" data-name=\"y-tel\"><input size=\"40\" maxlength=\"400\" class=\"wpcf7-form-control wpcf7-tel wpcf7-validates-as-required wpcf7-text wpcf7-validates-as-tel\" aria-required=\"true\" aria-invalid=\"false\" placeholder=\"Telefone *\" value=\"\" type=\"tel\" name=\"y-tel\" \/><\/span><\/label>\n<\/p>\n<p><label aria-label=\"Message\"><span class=\"wpcf7-form-control-wrap\" data-name=\"y-message\"><textarea cols=\"40\" rows=\"3\" maxlength=\"2000\" class=\"wpcf7-form-control wpcf7-textarea wpcf7-validates-as-required\" aria-required=\"true\" aria-invalid=\"false\" placeholder=\"Mensagem *\" name=\"y-message\"><\/textarea><\/span><\/label>\n<\/p>\n<p><span class=\"wpcf7-form-control-wrap\" data-name=\"aceptacion\"><span class=\"wpcf7-form-control wpcf7-acceptance\"><span class=\"wpcf7-list-item\"><input type=\"checkbox\" name=\"aceptacion\" value=\"1\" aria-invalid=\"false\" \/><\/span><\/span><\/span> Acepto facilitar mis datos para recibir informaci\u00f3n.<small><br \/>\n*Mediante el env\u00edo de mis datos personales confirmo que he le\u00eddo y acepto la <a href=\"\/politica-de-privacidad\/\" target=\"_blank\">pol\u00edtica de privacidad<\/a><\/small>\n<\/p>\n<p><small><strong>INFORMACI\u00d3N SOBRE PROTECCI\u00d3N DE DATOS<\/strong><br \/>\n<strong>Responsable del tratamiento:<\/strong> RITEL IT SERVICES, SL<strong>Finalidad del tratamiento:<\/strong> Gesti\u00f3n y control de las relaciones contractuales, as\u00ed como para la actividad de publicidad o de prospecci\u00f3n comercial sobre nuestros productos y servicios. <strong>Legitimaci\u00f3n del tratamiento:<\/strong> Consentimiento del interesado. <strong>Destinatarios:<\/strong> No se ceder\u00e1n datos a terceros, salvo obligaci\u00f3n legal. Derechos: Acceso, rectificaci\u00f3n y supresi\u00f3n de los datos, as\u00ed como otros derechos, como se explica en la informaci\u00f3n adicional. M\u00e1s informaci\u00f3n en <a href=\"\/politica-de-privacidad\/\" target=\"_blank\">nuestras pol\u00edticas de privacidad<\/a><\/small>\n<\/p>\n<p><input class=\"wpcf7-form-control wpcf7-submit has-spinner\" type=\"submit\" value=\"Enviar\" \/>\n<\/p><div class=\"fusion-alert alert custom alert-custom fusion-alert-center wpcf7-response-output fusion-alert-capitalize awb-alert-native-link-color alert-dismissable awb-alert-close-boxed\" style=\"--awb-border-top-left-radius:0px;--awb-border-top-right-radius:0px;--awb-border-bottom-left-radius:0px;--awb-border-bottom-right-radius:0px;\" role=\"alert\"><div class=\"fusion-alert-content-wrapper\"><span class=\"fusion-alert-content\"><\/span><\/div><button type=\"button\" class=\"close toggle-alert\" data-dismiss=\"alert\" aria-label=\"Close\">&times;<\/button><\/div>\n<\/form>\n<\/div>\n<div class=\"fusion-clearfix\"><\/div><\/div><\/div><div class=\"fusion-layout-column fusion_builder_column fusion-builder-column-4 fusion_builder_column_2_3 2_3 fusion-two-third fusion-column-last\" style=\"--awb-bg-size:cover;width:66.666666666667%;width:calc(66.666666666667% - ( ( 4% ) * 0.66666666666667 ) );\"><div class=\"fusion-column-wrapper fusion-flex-column-wrapper-legacy\"><div class=\"fusion-title title fusion-title-4 fusion-title-text fusion-title-size-three\" style=\"--awb-margin-bottom:10px;--awb-margin-top-small:10px;--awb-margin-right-small:0px;--awb-margin-bottom-small:10px;--awb-margin-left-small:0px;\"><h3 class=\"fusion-title-heading title-heading-left fusion-responsive-typography-calculated\" style=\"margin:0;--fontSize:16;--minFontSize:16;line-height:1.88;\">INFORMA\u00c7\u00c3O DE CONTACTO<\/h3><span class=\"awb-title-spacer\"><\/span><div class=\"title-sep-container\"><div class=\"title-sep sep-single sep-solid\" style=\"border-color:#e0dede;\"><\/div><\/div><\/div><div class=\"fusion-text fusion-text-2\"><p>Se tiver alguma d\u00favida ou para qualquer consulta, contacte-nos.<br \/>\nAtend\u00ea-lo-emos logo que poss\u00edvel!<\/p>\n<p style=\"text-align: left;\"><strong>RITEL IT SERVICES, SL<\/strong><\/p>\n<p style=\"text-align: left;\"><i class=\"fa fa-home\"><\/i> Avda. Mairena, 43<br \/>\n41520 \u2013 El Viso del Alcor (Sevilha)<\/p>\n<p style=\"text-align: left;\"><i class=\"fa fa-phone-square\"><\/i> +34 955 26 88 88<\/p>\n<p style=\"text-align: left;\"><i class=\"fa fa-envelope\"><\/i> sales@visomacs.com<\/p>\n<p style=\"text-align: left;\"><i class=\"fa fa-globe\"><\/i> www.ritel.es<\/p>\n<p style=\"text-align: left;\"><i class=\"fa fa-clock-o\"><\/i> <strong>Hor\u00e1rios:<\/strong><br \/>\nSegunda-Sexta: 09:00 &#8211; 14:00 || 16:00 &#8211; 20:00<br \/>\nS\u00e1bado: 10:00 &#8211; 13:30<\/p>\n<\/div><div class=\"fusion-sep-clear\"><\/div><div class=\"fusion-separator fusion-full-width-sep\" style=\"margin-left: auto;margin-right: auto;margin-top:10px;margin-bottom:10px;width:100%;\"><\/div><div class=\"fusion-sep-clear\"><\/div><div class=\"fusion-button-wrapper\"><style type=\"text\/css\" scoped=\"scoped\">.fusion-button.button-1 .fusion-button-text, .fusion-button.button-1 i {color:#ffffff;}.fusion-button.button-1 {border-width:0px;border-color:#ffffff;}.fusion-button.button-1 .fusion-button-icon-divider{border-color:#ffffff;}.fusion-button.button-1:hover .fusion-button-text, .fusion-button.button-1:hover i,.fusion-button.button-1:focus .fusion-button-text, .fusion-button.button-1:focus i,.fusion-button.button-1:active .fusion-button-text, .fusion-button.button-1:active{color:#ffffff;}.fusion-button.button-1:hover, .fusion-button.button-1:focus, .fusion-button.button-1:active{border-width:0px;border-color:#ffffff;}.fusion-button.button-1:hover .fusion-button-icon-divider, .fusion-button.button-1:hover .fusion-button-icon-divider, .fusion-button.button-1:active .fusion-button-icon-divider{border-color:#ffffff;}.fusion-button.button-1{width:auto;}<\/style><a class=\"fusion-button button-flat fusion-button-pill button-medium button-default button-1\" target=\"_self\" href=\"whatsapp:\/\/send?text=https:\/\/www.google.es\/maps\/place\/Visomacs\/@37.38087,-5.7292287,17z\/data=!3m1!4b1!4m5!3m4!1s0xd1289d7068363a3:0x17295d10daa1663b!8m2!3d37.38087!4d-5.72704\" data-action=\"share\/whatsapp\/share\"><span class=\"fusion-button-text\">Enviar localiza\u00e7\u00e3o por WhatsApp<\/span><\/a><\/div><div class=\"fusion-clearfix\"><\/div><\/div><\/div><\/div><\/div><div class=\"fusion-fullwidth fullwidth-box fusion-builder-row-4 hundred-percent-fullwidth non-hundred-percent-height-scrolling\" style=\"--awb-border-radius-top-left:0px;--awb-border-radius-top-right:0px;--awb-border-radius-bottom-right:0px;--awb-border-radius-bottom-left:0px;--awb-padding-top:0px;--awb-padding-right:0px;--awb-padding-bottom:0px;--awb-padding-left:0px;--awb-margin-top:0px;--awb-margin-bottom:0px;--awb-flex-wrap:wrap;\" ><div class=\"fusion-builder-row fusion-row\"><div class=\"fusion-layout-column fusion_builder_column fusion-builder-column-5 fusion_builder_column_1_1 1_1 fusion-one-full fusion-column-first fusion-column-last\" style=\"--awb-padding-top:0px;--awb-padding-right:0px;--awb-padding-bottom:0px;--awb-padding-left:0px;--awb-bg-size:cover;--awb-margin-top:0px;--awb-margin-bottom:0px;\"><div class=\"fusion-column-wrapper fusion-flex-column-wrapper-legacy\">\t\t\t\t\t<script type=\"text\/javascript\">\n\t\t\t\t\t\tvar map_fusion_map_69fb18d780619;\n\t\t\t\t\t\tvar markers = [];\n\t\t\t\t\t\tvar counter = 0;\n\t\t\t\t\t\t\t\t\t\t\t\tfunction fusion_run_map_fusion_map_69fb18d780619() {\n\t\t\t\t\t\t\tjQuery ('#fusion_map_69fb18d780619' ).fusion_maps( {\n\t\t\t\t\t\t\t\taddresses: [{\"address\":\"Avda. Mairena, 43 41520 \\u2013 El Viso del Alcor (Sevilla)\",\"infobox_content\":\"Avda. Mairena, 43 41520 \\u2013 El Viso del Alcor (Sevilla)\",\"coordinates\":false,\"cache\":true,\"latitude\":\"37.38087\",\"longitude\":\"-5.727039999999988\"}],\n\t\t\t\t\t\t\t\tanimations: false,\n\t\t\t\t\t\t\t\tinfobox_background_color: '',\n\t\t\t\t\t\t\t\tinfobox_styling: 'default',\n\t\t\t\t\t\t\t\tinfobox_text_color: '',\n\t\t\t\t\t\t\t\tmap_style: 'default',\n\t\t\t\t\t\t\t\tmap_type: 'roadmap',\n\t\t\t\t\t\t\t\tmarker_icon: '',\n\t\t\t\t\t\t\t\toverlay_color: '',\n\t\t\t\t\t\t\t\toverlay_color_hsl: {\"hue\":0,\"sat\":0,\"lum\":100},\n\t\t\t\t\t\t\t\tshow_address: true,\n\t\t\t\t\t\t\t\tscale_control: true,\n\t\t\t\t\t\t\t\tscrollwheel: true,\n\t\t\t\t\t\t\t\tzoom: 14,\n\t\t\t\t\t\t\t\tzoom_control: true,\n\t\t\t\t\t\t\t} );\n\t\t\t\t\t\t}\n\n\t\t\t\t\t\tgoogle.maps.event.addDomListener(window, 'load', fusion_run_map_fusion_map_69fb18d780619);\n\t\t\t\t\t<\/script>\n\t\t\t\t\t<div class=\"shortcode-map fusion-google-map fusion-maps-js-type\" style=\"--awb-height:450px;\" id=\"fusion_map_69fb18d780619\"><\/div><div class=\"fusion-clearfix\"><\/div><\/div><\/div><\/div><\/div><\/p>","protected":false},"excerpt":{"rendered":"","protected":false},"author":1,"featured_media":0,"parent":0,"menu_order":0,"comment_status":"closed","ping_status":"closed","template":"100-width.php","meta":{"_joinchat":[],"footnotes":""},"class_list":["post-18052","page","type-page","status-publish","hentry"],"acf":[],"yoast_head":"<!-- This site is optimized with the Yoast SEO plugin v27.5 - https:\/\/yoast.com\/product\/yoast-seo-wordpress\/ -->\n<title>Contacto Servicio T\u00e9cnico Apple en Sevilla - Tel\u00e9fono Visomacs<\/title>\n<meta name=\"description\" content=\"En nuestra secci\u00f3n de contacto, podremos atenderte como servicio t\u00e9cnico de Apple en El Viso del Alcor (Sevilla) o para otra cuesti\u00f3n. \u00a1Cons\u00faltanos!\" \/>\n<meta name=\"robots\" content=\"index, follow, max-snippet:-1, max-image-preview:large, max-video-preview:-1\" \/>\n<link rel=\"canonical\" href=\"https:\/\/visomacs.com\/contacto-sat-apple-sevilla\/\" \/>\n<meta property=\"og:locale\" content=\"pt_PT\" \/>\n<meta property=\"og:type\" content=\"article\" \/>\n<meta property=\"og:title\" content=\"Contacto Servicio T\u00e9cnico Apple en Sevilla - Tel\u00e9fono Visomacs\" \/>\n<meta property=\"og:description\" content=\"En nuestra secci\u00f3n de contacto, podremos atenderte como servicio t\u00e9cnico de Apple en El Viso del Alcor (Sevilla) o para otra cuesti\u00f3n. \u00a1Cons\u00faltanos!\" \/>\n<meta property=\"og:url\" content=\"https:\/\/visomacs.com\/contacto-sat-apple-sevilla\/\" \/>\n<meta property=\"og:site_name\" content=\"Visomacs - Dispositivos Apple de segunda mano al mejor precio\" \/>\n<meta property=\"article:publisher\" content=\"https:\/\/www.facebook.com\/visomacs\/\" \/>\n<meta property=\"article:modified_time\" content=\"2023-07-17T15:55:02+00:00\" \/>\n<meta name=\"twitter:card\" content=\"summary_large_image\" \/>\n<meta name=\"twitter:label1\" content=\"Tempo estimado de leitura\" \/>\n\t<meta name=\"twitter:data1\" content=\"10 minutos\" \/>\n<!-- \/ Yoast SEO plugin. -->","yoast_head_json":{"title":"Contacto Servicio T\u00e9cnico Apple en Sevilla - Tel\u00e9fono Visomacs","description":"En nuestra secci\u00f3n de contacto, podremos atenderte como servicio t\u00e9cnico de Apple en El Viso del Alcor (Sevilla) o para otra cuesti\u00f3n. \u00a1Cons\u00faltanos!","robots":{"index":"index","follow":"follow","max-snippet":"max-snippet:-1","max-image-preview":"max-image-preview:large","max-video-preview":"max-video-preview:-1"},"canonical":"https:\/\/visomacs.com\/contacto-sat-apple-sevilla\/","og_locale":"pt_PT","og_type":"article","og_title":"Contacto Servicio T\u00e9cnico Apple en Sevilla - Tel\u00e9fono Visomacs","og_description":"En nuestra secci\u00f3n de contacto, podremos atenderte como servicio t\u00e9cnico de Apple en El Viso del Alcor (Sevilla) o para otra cuesti\u00f3n. \u00a1Cons\u00faltanos!","og_url":"https:\/\/visomacs.com\/contacto-sat-apple-sevilla\/","og_site_name":"Visomacs - Dispositivos Apple de segunda mano al mejor precio","article_publisher":"https:\/\/www.facebook.com\/visomacs\/","article_modified_time":"2023-07-17T15:55:02+00:00","twitter_card":"summary_large_image","twitter_misc":{"Tempo estimado de leitura":"10 minutos"},"schema":{"@context":"https:\/\/schema.org","@graph":[{"@type":"WebPage","@id":"https:\/\/visomacs.com\/contacto-sat-apple-sevilla\/","url":"https:\/\/visomacs.com\/contacto-sat-apple-sevilla\/","name":"Contacto Servicio T\u00e9cnico Apple en Sevilla - Tel\u00e9fono Visomacs","isPartOf":{"@id":"https:\/\/visomacs.com\/#website"},"datePublished":"2017-10-18T17:01:34+00:00","dateModified":"2023-07-17T15:55:02+00:00","description":"En nuestra secci\u00f3n de contacto, podremos atenderte como servicio t\u00e9cnico de Apple en El Viso del Alcor (Sevilla) o para otra cuesti\u00f3n. \u00a1Cons\u00faltanos!","breadcrumb":{"@id":"https:\/\/visomacs.com\/contacto-sat-apple-sevilla\/#breadcrumb"},"inLanguage":"pt-PT","potentialAction":[{"@type":"ReadAction","target":["https:\/\/visomacs.com\/contacto-sat-apple-sevilla\/"]}]},{"@type":"BreadcrumbList","@id":"https:\/\/visomacs.com\/contacto-sat-apple-sevilla\/#breadcrumb","itemListElement":[{"@type":"ListItem","position":1,"name":"Portada","item":"https:\/\/visomacs.com\/"},{"@type":"ListItem","position":2,"name":"Contacto"}]},{"@type":"WebSite","@id":"https:\/\/visomacs.com\/#website","url":"https:\/\/visomacs.com\/","name":"Visomacs ( a RITEL IT SERVICES group)","description":"Todos nuestros productos son examinados por profesionales y poseen 1 a\u00f1o de garant\u00eda. Realizamos env\u00edos gratuitos 24 h en la pen\u00ednsula. ","publisher":{"@id":"https:\/\/visomacs.com\/#organization"},"potentialAction":[{"@type":"SearchAction","target":{"@type":"EntryPoint","urlTemplate":"https:\/\/visomacs.com\/?s={search_term_string}"},"query-input":{"@type":"PropertyValueSpecification","valueRequired":true,"valueName":"search_term_string"}}],"inLanguage":"pt-PT"},{"@type":"Organization","@id":"https:\/\/visomacs.com\/#organization","name":"Visomacs ( a RITEL IT SERVICES group)","url":"https:\/\/visomacs.com\/","logo":{"@type":"ImageObject","inLanguage":"pt-PT","@id":"https:\/\/visomacs.com\/#\/schema\/logo\/image\/","url":"https:\/\/visomacs.com\/wp-content\/uploads\/2017\/10\/logo.png","contentUrl":"https:\/\/visomacs.com\/wp-content\/uploads\/2017\/10\/logo.png","width":235,"height":40,"caption":"Visomacs ( a RITEL IT SERVICES group)"},"image":{"@id":"https:\/\/visomacs.com\/#\/schema\/logo\/image\/"},"sameAs":["https:\/\/www.facebook.com\/visomacs\/","https:\/\/www.instagram.com\/visomacs\/"]}]}},"_links":{"self":[{"href":"https:\/\/visomacs.com\/pt\/wp-json\/wp\/v2\/pages\/18052","targetHints":{"allow":["GET"]}}],"collection":[{"href":"https:\/\/visomacs.com\/pt\/wp-json\/wp\/v2\/pages"}],"about":[{"href":"https:\/\/visomacs.com\/pt\/wp-json\/wp\/v2\/types\/page"}],"author":[{"embeddable":true,"href":"https:\/\/visomacs.com\/pt\/wp-json\/wp\/v2\/users\/1"}],"replies":[{"embeddable":true,"href":"https:\/\/visomacs.com\/pt\/wp-json\/wp\/v2\/comments?post=18052"}],"version-history":[{"count":2,"href":"https:\/\/visomacs.com\/pt\/wp-json\/wp\/v2\/pages\/18052\/revisions"}],"predecessor-version":[{"id":35614,"href":"https:\/\/visomacs.com\/pt\/wp-json\/wp\/v2\/pages\/18052\/revisions\/35614"}],"wp:attachment":[{"href":"https:\/\/visomacs.com\/pt\/wp-json\/wp\/v2\/media?parent=18052"}],"curies":[{"name":"wp","href":"https:\/\/api.w.org\/{rel}","templated":true}]}}