{"id":18073,"date":"2017-10-18T20:09:27","date_gmt":"2017-10-18T18:09:27","guid":{"rendered":"http:\/\/visomacs.com\/?page_id=18073"},"modified":"2025-03-04T09:02:45","modified_gmt":"2025-03-04T08:02:45","slug":"garantia-y-devoluciones","status":"publish","type":"page","link":"https:\/\/visomacs.com\/pt\/garantia-y-devoluciones\/","title":{"rendered":"Garantia e devolu\u00e7\u00f5es"},"content":{"rendered":"<p><div class=\"fusion-fullwidth fullwidth-box fusion-builder-row-2 nonhundred-percent-fullwidth non-hundred-percent-height-scrolling\" style=\"--awb-border-radius-top-left:0px;--awb-border-radius-top-right:0px;--awb-border-radius-bottom-right:0px;--awb-border-radius-bottom-left:0px;--awb-flex-wrap:wrap;\" ><div class=\"fusion-builder-row fusion-row\"><div class=\"fusion-layout-column fusion_builder_column fusion-builder-column-1 fusion_builder_column_1_1 1_1 fusion-one-full fusion-column-first fusion-column-last\" style=\"--awb-bg-size:cover;\"><div class=\"fusion-column-wrapper fusion-flex-column-wrapper-legacy\"><div class=\"fusion-text fusion-text-3\"><p>Garantizamos su satisfacci\u00f3n. Puede devolver nuestros productos para un cambio o reembolso completo dentro de los <strong>14 d\u00edas naturales\u00a0<\/strong>a la recepci\u00f3n del producto. Guarde todo el embalaje original enviado hasta que est\u00e9 seguro que usted est\u00e1 completamente satisfecho con el equipo suministrado.<\/p>\n<p>Tambi\u00e9n tiene la opci\u00f3n de cancelar su pedido en cualquier momento, si \u00e9ste no ha salido expedido, contactando con nosotros en <a href=\"mailto:sales@visomacs.com\">sales@visomacs.com<\/a> o por tel\u00e9fono al <strong>+34 95 526 88 88<\/strong>, indicando la referencia del pedido.<\/p>\n<p>Un miembro del equipo de soporte le expedir\u00e1 un n\u00famero de devoluci\u00f3n que deber\u00e1 rotular en el exterior del embalaje.<\/p>\n<p>Tan pronto recibamos el equipo y comprobemos que todo ha regresado en buenas condiciones, le ser\u00e1 reembolsado el importe pagado por el art\u00edculo.<\/p>\n<p>Si durante el periodo de 1 a\u00f1o de garant\u00eda tuviera alg\u00fan problema con el equipo suministrado, p\u00f3nganse en contacto por mail a <a href=\"mailto:care@visomacs.com\">care@visomacs.com<\/a> o en el tel\u00e9fono <strong>+34 955 26 88 88<\/strong> y pidan hablar con un miembro de nuestro staff t\u00e9cnico.<\/p>\n<p>Si usted tuviera alg\u00fan problema fuera del periodo de 1 a\u00f1o de garant\u00eda no dude en llamarnos. Si podemos ayudarlo lo haremos. Queremos hacer clientes mas all\u00e1 del periodo de garant\u00eda, con una relaci\u00f3n duradera en el tiempo, donde <strong>VISOMACS<\/strong> pueda ser su proveedor de confianza. Ponemos todo nuestro empe\u00f1o en su satisfacci\u00f3n con nuestros productos. Consulte nuestra secci\u00f3n SAT.<\/p>\n<p><em><strong>Debido a la naturaleza de consumibles, las bater\u00edas y los cargadores no est\u00e1n incluidos en la garant\u00eda.<\/strong><\/em><\/p>\n<\/div><div class=\"fusion-button-wrapper fusion-alignleft\"><a class=\"fusion-button button-flat fusion-button-default-size button-default fusion-button-default button-4 fusion-button-default-span fusion-button-default-type\" target=\"_self\" href=\"\/servicio-tecnico-apple-iphone-macbook-sevilla\/\"><span class=\"fusion-button-text awb-button__text awb-button__text--default\">IR A SAT<\/span><\/a><\/div><div class=\"fusion-button-wrapper fusion-alignleft\"><a class=\"fusion-button button-flat fusion-button-default-size button-default fusion-button-default button-5 fusion-button-default-span fusion-button-default-type\" target=\"_self\" href=\"\/condiciones-generales-de-garantia\/\"><span class=\"fusion-button-text awb-button__text awb-button__text--default\">CONDICIONES GENERALES DE GARANT\u00cdA<\/span><\/a><\/div><div class=\"fusion-sep-clear\"><\/div><div class=\"fusion-separator fusion-full-width-sep\" style=\"margin-left: auto;margin-right: auto;margin-top:40px;width:100%;\"><\/div><div class=\"fusion-sep-clear\"><\/div><div class=\"fusion-title title fusion-title-3 fusion-title-text fusion-title-size-one\" style=\"--awb-margin-top-small:10px;--awb-margin-right-small:0px;--awb-margin-bottom-small:10px;--awb-margin-left-small:0px;\"><h1 class=\"fusion-title-heading title-heading-left fusion-responsive-typography-calculated\" style=\"margin:0;--fontSize:50;line-height:1.2;\"><h3>Formulario de Desistimiento<\/h3><\/h1><span class=\"awb-title-spacer\"><\/span><div class=\"title-sep-container\"><div class=\"title-sep sep-single sep-solid\" style=\"border-color:#e0dede;\"><\/div><\/div><\/div>\n<div class=\"wpcf7 no-js\" id=\"wpcf7-f19220-o2\" lang=\"es-ES\" dir=\"ltr\" data-wpcf7-id=\"19220\">\n<div class=\"screen-reader-response\"><p role=\"status\" aria-live=\"polite\" aria-atomic=\"true\"><\/p> <ul><\/ul><\/div>\n<form action=\"\/pt\/wp-json\/wp\/v2\/pages\/18073#wpcf7-f19220-o2\" method=\"post\" class=\"wpcf7-form init\" aria-label=\"Formulario de contacto\" novalidate=\"novalidate\" data-status=\"init\">\n<fieldset class=\"hidden-fields-container\"><input type=\"hidden\" name=\"_wpcf7\" value=\"19220\" \/><input type=\"hidden\" name=\"_wpcf7_version\" value=\"6.1.5\" \/><input type=\"hidden\" name=\"_wpcf7_locale\" value=\"es_ES\" \/><input type=\"hidden\" name=\"_wpcf7_unit_tag\" value=\"wpcf7-f19220-o2\" \/><input type=\"hidden\" name=\"_wpcf7_container_post\" value=\"0\" \/><input type=\"hidden\" name=\"_wpcf7_posted_data_hash\" value=\"\" \/><input type=\"hidden\" name=\"_wpcf7_recaptcha_response\" value=\"\" \/>\n<\/fieldset>\n<p style=\"text-align: left;\">A la atenci\u00f3n de Fernando, C\/ Beatriz Ramirez de Mendoza, 39 41520 El Viso del Alcor (Sevilla) - 955 86 80 40 - ritel@ritel.es Por la presente le comunico que desisto de mi contrato de venta del siguiente bien:\n<\/p>\n<p><label aria-label=\"Pedido\">[text* y-pedido* placeholder \"N\u00famero de pedido *\"]<\/label>\n<\/p>\n<p><label aria-label=\"Recepci\u00f3n\">Recepci\u00f3n del pedido*<br \/>\n<span class=\"wpcf7-form-control-wrap\" data-name=\"recepcion\"><input class=\"wpcf7-form-control wpcf7-date wpcf7-validates-as-required wpcf7-validates-as-date\" min=\"2017-09-01\" aria-required=\"true\" aria-invalid=\"false\" value=\"\" type=\"date\" name=\"recepcion\" \/><\/span><\/label>\n<\/p>\n<p><label aria-label=\"Nombre\"><span class=\"wpcf7-form-control-wrap\" data-name=\"y-nombre\"><input size=\"40\" maxlength=\"400\" class=\"wpcf7-form-control wpcf7-text wpcf7-validates-as-required\" aria-required=\"true\" aria-invalid=\"false\" placeholder=\"Su Nombre *\" value=\"\" type=\"text\" name=\"y-nombre\" \/><\/span><\/label>\n<\/p>\n<p><label aria-label=\"Direcci\u00f3n\"><span class=\"wpcf7-form-control-wrap\" data-name=\"y-pedido\"><input size=\"40\" maxlength=\"400\" class=\"wpcf7-form-control wpcf7-text wpcf7-validates-as-required\" aria-required=\"true\" aria-invalid=\"false\" placeholder=\"Su direcci\u00f3n *\" value=\"\" type=\"text\" name=\"y-pedido\" \/><\/span><\/label>\n<\/p>\n<p><label aria-label=\"Recepci\u00f3n\">Fecha del Desistimiento*<br \/>\n<span class=\"wpcf7-form-control-wrap\" data-name=\"fecha-desistimiento\"><input class=\"wpcf7-form-control wpcf7-date wpcf7-validates-as-required wpcf7-validates-as-date\" min=\"2017-09-01\" aria-required=\"true\" aria-invalid=\"false\" value=\"\" type=\"date\" name=\"fecha-desistimiento\" \/><\/span><\/label>\n<\/p>\n<p><label aria-label=\"Message\"><span class=\"wpcf7-form-control-wrap\" data-name=\"y-message\"><textarea cols=\"40\" rows=\"10\" maxlength=\"2000\" class=\"wpcf7-form-control wpcf7-textarea wpcf7-validates-as-required\" aria-required=\"true\" aria-invalid=\"false\" placeholder=\"Mensaje *\" name=\"y-message\"><\/textarea><\/span><\/label>\n<\/p>\n<p><span class=\"wpcf7-form-control-wrap\" data-name=\"aceptacion\"><span class=\"wpcf7-form-control wpcf7-acceptance\"><span class=\"wpcf7-list-item\"><input type=\"checkbox\" name=\"aceptacion\" value=\"1\" aria-invalid=\"false\" \/><\/span><\/span><\/span> Acepto facilitar mis datos para recibir informaci\u00f3n.<small><br \/>\n*Mediante el env\u00edo de mis datos personales confirmo que he le\u00eddo y acepto la <a href=\"\/politica-de-privacidad\/\" target=\"_blank\">pol\u00edtica de privacidad<\/a><\/small>\n<\/p>\n<p><small><strong>INFORMACI\u00d3N SOBRE PROTECCI\u00d3N DE DATOS<\/strong><br \/>\n<strong>Responsable del tratamiento:<\/strong> RITEL IT SERVICES, SL<strong>Finalidad del tratamiento:<\/strong> Gesti\u00f3n y control de las relaciones contractuales, as\u00ed como para la actividad de publicidad o de prospecci\u00f3n comercial sobre nuestros productos y servicios. <strong>Legitimaci\u00f3n del tratamiento:<\/strong> Consentimiento del interesado. <strong>Destinatarios:<\/strong> No se ceder\u00e1n datos a terceros, salvo obligaci\u00f3n legal. Derechos: Acceso, rectificaci\u00f3n y supresi\u00f3n de los datos, as\u00ed como otros derechos, como se explica en la informaci\u00f3n adicional. M\u00e1s informaci\u00f3n en <a href=\"\/politica-de-privacidad\/\" target=\"_blank\">nuestras pol\u00edticas de privacidad<\/a><\/small>\n<\/p>\n<p><input class=\"wpcf7-form-control wpcf7-submit has-spinner\" type=\"submit\" value=\"Enviar\" \/>\n<\/p><div class=\"fusion-alert alert custom alert-custom fusion-alert-center wpcf7-response-output fusion-alert-capitalize awb-alert-native-link-color alert-dismissable awb-alert-close-boxed\" style=\"--awb-border-top-left-radius:0px;--awb-border-top-right-radius:0px;--awb-border-bottom-left-radius:0px;--awb-border-bottom-right-radius:0px;\" role=\"alert\"><div class=\"fusion-alert-content-wrapper\"><span class=\"fusion-alert-content\"><\/span><\/div><button type=\"button\" class=\"close toggle-alert\" data-dismiss=\"alert\" aria-label=\"Close\">&times;<\/button><\/div>\n<\/form>\n<\/div>\n<div class=\"fusion-clearfix\"><\/div><\/div><\/div><\/div><\/div><\/p>","protected":false},"excerpt":{"rendered":"","protected":false},"author":1,"featured_media":0,"parent":0,"menu_order":0,"comment_status":"closed","ping_status":"closed","template":"","meta":{"_joinchat":[],"footnotes":""},"class_list":["post-18073","page","type-page","status-publish","hentry"],"acf":[],"yoast_head":"<!-- This site is optimized with the Yoast SEO plugin v27.5 - https:\/\/yoast.com\/product\/yoast-seo-wordpress\/ -->\n<title>Garantia e devolu\u00e7\u00f5es - Visomacs - Dispositivos Apple de segunda mano al mejor precio<\/title>\n<meta name=\"robots\" content=\"index, follow, max-snippet:-1, max-image-preview:large, max-video-preview:-1\" \/>\n<link rel=\"canonical\" href=\"https:\/\/visomacs.com\/garantia-y-devoluciones\/\" \/>\n<meta property=\"og:locale\" content=\"pt_PT\" \/>\n<meta property=\"og:type\" content=\"article\" \/>\n<meta property=\"og:title\" content=\"[:es]Garant\u00eda y devoluciones[:pt]Garantia e devolu\u00e7\u00f5es[:] - Visomacs - Dispositivos Apple de segunda mano al mejor precio\" \/>\n<meta property=\"og:url\" content=\"https:\/\/visomacs.com\/garantia-y-devoluciones\/\" \/>\n<meta property=\"og:site_name\" content=\"Visomacs - Dispositivos Apple de segunda mano al mejor precio\" \/>\n<meta property=\"article:publisher\" content=\"https:\/\/www.facebook.com\/visomacs\/\" \/>\n<meta property=\"article:modified_time\" content=\"2025-03-04T08:02:45+00:00\" \/>\n<meta name=\"twitter:card\" content=\"summary_large_image\" \/>\n<meta name=\"twitter:label1\" content=\"Tempo estimado de leitura\" \/>\n\t<meta name=\"twitter:data1\" content=\"5 minutos\" \/>\n<!-- \/ Yoast SEO plugin. -->","yoast_head_json":{"title":"[:es]Garant\u00eda y devoluciones[:pt]Garantia e devolu\u00e7\u00f5es[:] - Visomacs - Dispositivos Apple de segunda mano al mejor precio","robots":{"index":"index","follow":"follow","max-snippet":"max-snippet:-1","max-image-preview":"max-image-preview:large","max-video-preview":"max-video-preview:-1"},"canonical":"https:\/\/visomacs.com\/garantia-y-devoluciones\/","og_locale":"pt_PT","og_type":"article","og_title":"[:es]Garant\u00eda y devoluciones[:pt]Garantia e devolu\u00e7\u00f5es[:] - Visomacs - Dispositivos Apple de segunda mano al mejor precio","og_url":"https:\/\/visomacs.com\/garantia-y-devoluciones\/","og_site_name":"Visomacs - Dispositivos Apple de segunda mano al mejor precio","article_publisher":"https:\/\/www.facebook.com\/visomacs\/","article_modified_time":"2025-03-04T08:02:45+00:00","twitter_card":"summary_large_image","twitter_misc":{"Tempo estimado de leitura":"5 minutos"},"schema":{"@context":"https:\/\/schema.org","@graph":[{"@type":"WebPage","@id":"https:\/\/visomacs.com\/garantia-y-devoluciones\/","url":"https:\/\/visomacs.com\/garantia-y-devoluciones\/","name":"[:es]Garant\u00eda y devoluciones[:pt]Garantia e devolu\u00e7\u00f5es[:] - Visomacs - Dispositivos Apple de segunda mano al mejor precio","isPartOf":{"@id":"https:\/\/visomacs.com\/#website"},"datePublished":"2017-10-18T18:09:27+00:00","dateModified":"2025-03-04T08:02:45+00:00","breadcrumb":{"@id":"https:\/\/visomacs.com\/garantia-y-devoluciones\/#breadcrumb"},"inLanguage":"pt-PT","potentialAction":[{"@type":"ReadAction","target":["https:\/\/visomacs.com\/garantia-y-devoluciones\/"]}]},{"@type":"BreadcrumbList","@id":"https:\/\/visomacs.com\/garantia-y-devoluciones\/#breadcrumb","itemListElement":[{"@type":"ListItem","position":1,"name":"Portada","item":"https:\/\/visomacs.com\/"},{"@type":"ListItem","position":2,"name":"Garant\u00eda y devoluciones"}]},{"@type":"WebSite","@id":"https:\/\/visomacs.com\/#website","url":"https:\/\/visomacs.com\/","name":"Visomacs ( a RITEL IT SERVICES group)","description":"Todos nuestros productos son examinados por profesionales y poseen 1 a\u00f1o de garant\u00eda. Realizamos env\u00edos gratuitos 24 h en la pen\u00ednsula. ","publisher":{"@id":"https:\/\/visomacs.com\/#organization"},"potentialAction":[{"@type":"SearchAction","target":{"@type":"EntryPoint","urlTemplate":"https:\/\/visomacs.com\/?s={search_term_string}"},"query-input":{"@type":"PropertyValueSpecification","valueRequired":true,"valueName":"search_term_string"}}],"inLanguage":"pt-PT"},{"@type":"Organization","@id":"https:\/\/visomacs.com\/#organization","name":"Visomacs ( a RITEL IT SERVICES group)","url":"https:\/\/visomacs.com\/","logo":{"@type":"ImageObject","inLanguage":"pt-PT","@id":"https:\/\/visomacs.com\/#\/schema\/logo\/image\/","url":"https:\/\/visomacs.com\/wp-content\/uploads\/2017\/10\/logo.png","contentUrl":"https:\/\/visomacs.com\/wp-content\/uploads\/2017\/10\/logo.png","width":235,"height":40,"caption":"Visomacs ( a RITEL IT SERVICES group)"},"image":{"@id":"https:\/\/visomacs.com\/#\/schema\/logo\/image\/"},"sameAs":["https:\/\/www.facebook.com\/visomacs\/","https:\/\/www.instagram.com\/visomacs\/"]}]}},"_links":{"self":[{"href":"https:\/\/visomacs.com\/pt\/wp-json\/wp\/v2\/pages\/18073","targetHints":{"allow":["GET"]}}],"collection":[{"href":"https:\/\/visomacs.com\/pt\/wp-json\/wp\/v2\/pages"}],"about":[{"href":"https:\/\/visomacs.com\/pt\/wp-json\/wp\/v2\/types\/page"}],"author":[{"embeddable":true,"href":"https:\/\/visomacs.com\/pt\/wp-json\/wp\/v2\/users\/1"}],"replies":[{"embeddable":true,"href":"https:\/\/visomacs.com\/pt\/wp-json\/wp\/v2\/comments?post=18073"}],"version-history":[{"count":5,"href":"https:\/\/visomacs.com\/pt\/wp-json\/wp\/v2\/pages\/18073\/revisions"}],"predecessor-version":[{"id":39782,"href":"https:\/\/visomacs.com\/pt\/wp-json\/wp\/v2\/pages\/18073\/revisions\/39782"}],"wp:attachment":[{"href":"https:\/\/visomacs.com\/pt\/wp-json\/wp\/v2\/media?parent=18073"}],"curies":[{"name":"wp","href":"https:\/\/api.w.org\/{rel}","templated":true}]}}