{"id":18368,"date":"2017-11-06T09:46:15","date_gmt":"2017-11-06T08:46:15","guid":{"rendered":"https:\/\/visomacs.com\/?page_id=18368"},"modified":"2021-05-27T11:21:50","modified_gmt":"2021-05-27T09:21:50","slug":"formas-de-pago","status":"publish","type":"page","link":"https:\/\/visomacs.com\/pt\/formas-de-pago\/","title":{"rendered":"Formas de pagamento"},"content":{"rendered":"<p><div class=\"fusion-fullwidth fullwidth-box fusion-builder-row-2 nonhundred-percent-fullwidth non-hundred-percent-height-scrolling\" style=\"--awb-border-radius-top-left:0px;--awb-border-radius-top-right:0px;--awb-border-radius-bottom-right:0px;--awb-border-radius-bottom-left:0px;--awb-flex-wrap:wrap;\" ><div class=\"fusion-builder-row fusion-row\"><div class=\"fusion-layout-column fusion_builder_column fusion-builder-column-1 fusion_builder_column_1_1 1_1 fusion-one-full fusion-column-first fusion-column-last\" style=\"--awb-bg-size:cover;\"><div class=\"fusion-column-wrapper fusion-flex-column-wrapper-legacy\"><div class=\"fusion-text fusion-text-2\"><h4>Pagamento com VISA\/Mastercard:<\/h4>\n<p>Na www.visomacs.com n\u00e3o recebemos nem temos acesso a nenhuma informa\u00e7\u00e3o relacionada com o seu cart\u00e3o de cr\u00e9dito. Para a cobran\u00e7a dos pedidos utilizamos o gateway seguro que nos disponibiliza a entidade banc\u00e1ria atrav\u00e9s do POS Virtual.<\/p>\n<p>No momento do pagamento durante o processo de compra, ao escolher a forma de pagamento com cart\u00e3o de cr\u00e9dito ser\u00e1 redirecionado para o gateway do banco, pelo que o pagamento ser\u00e1 feito diretamente entre o seu cart\u00e3o e o nosso banco, sem nenhuma interven\u00e7\u00e3o manual da nossa parte.<\/p>\n<p>Para verificar se o seu pagamento \u00e9 seguro, basta confirmar que no momento da transa\u00e7\u00e3o o endere\u00e7o passou de http:\/\/ a https:\/\/ (a letra &#8220;s&#8221; no final indica que se encontra numa p\u00e1gina segura).<\/p>\n<h4>Pagamento com Paypal:<\/h4>\n<p>PayPal, a empresa de confian\u00e7a l\u00edder em pagamentos na Internet, permite a consumidores e empresas enviar e receber dinheiro atrav\u00e9s da Internet.<\/p>\n<p><strong>\u00c9 seguro?<br \/>\n<\/strong>O PayPal ajuda a proteger a informa\u00e7\u00e3o dos cart\u00f5es de cr\u00e9dito com os melhores sistemas de seguran\u00e7a e preven\u00e7\u00e3o de fraude do setor. Ao utilizar o PayPal, a informa\u00e7\u00e3o financeira nunca \u00e9 partilhada com o vendedor.<\/p>\n<p>N\u00e3o recebemos nem temos acesso a nenhuma informa\u00e7\u00e3o relacionada com o seu cart\u00e3o de cr\u00e9dito.<\/p>\n<p><strong>Porqu\u00ea utilizar o PayPal?<\/strong><br \/>\nFa\u00e7a compras com o PayPal. Compre e pague comodamente guardando a sua informa\u00e7\u00e3o no PayPal. Milhares de empresas de todo o mundo aceitam PayPal.<\/p>\n<p><strong>Pagamento Adicional<\/strong><br \/>\nAo optar pelo pagamento atrav\u00e9s de PayPal ter\u00e1 um custo adicional de 0,35\u20ac + 3,4% do total do pedido.<\/p>\n<h4>Transferencia Bancaria:<\/h4>\n<p>Al\u00e9m do pagamento atrav\u00e9s de PayPal ou cart\u00e3o de cr\u00e9dito, oferecemos-lhe a possibilidade de fazer as suas compras mediante transfer\u00eancia banc\u00e1ria.<\/p>\n<\/div><div class=\"fusion-clearfix\"><\/div><\/div><\/div><\/div><\/div><\/p>","protected":false},"excerpt":{"rendered":"","protected":false},"author":1,"featured_media":0,"parent":0,"menu_order":0,"comment_status":"closed","ping_status":"closed","template":"","meta":{"_joinchat":[],"footnotes":""},"class_list":["post-18368","page","type-page","status-publish","hentry"],"acf":[],"yoast_head":"<!-- This site is optimized with the Yoast SEO plugin v27.5 - https:\/\/yoast.com\/product\/yoast-seo-wordpress\/ -->\n<title>Formas de pagamento - Visomacs - Dispositivos Apple de segunda mano al mejor precio<\/title>\n<meta name=\"robots\" content=\"index, follow, max-snippet:-1, max-image-preview:large, max-video-preview:-1\" \/>\n<link rel=\"canonical\" href=\"https:\/\/visomacs.com\/formas-de-pago\/\" \/>\n<meta property=\"og:locale\" content=\"pt_PT\" \/>\n<meta property=\"og:type\" content=\"article\" \/>\n<meta property=\"og:title\" content=\"[:es]Formas de pago[:pt]Formas de pagamento[:] - Visomacs - Dispositivos Apple de segunda mano al mejor precio\" \/>\n<meta property=\"og:url\" content=\"https:\/\/visomacs.com\/formas-de-pago\/\" \/>\n<meta property=\"og:site_name\" content=\"Visomacs - Dispositivos Apple de segunda mano al mejor precio\" \/>\n<meta property=\"article:publisher\" content=\"https:\/\/www.facebook.com\/visomacs\/\" \/>\n<meta property=\"article:modified_time\" content=\"2021-05-27T09:21:50+00:00\" \/>\n<meta name=\"twitter:card\" content=\"summary_large_image\" \/>\n<meta name=\"twitter:label1\" content=\"Tempo estimado de leitura\" \/>\n\t<meta name=\"twitter:data1\" content=\"7 minutos\" \/>\n<!-- \/ Yoast SEO plugin. -->","yoast_head_json":{"title":"[:es]Formas de pago[:pt]Formas de pagamento[:] - Visomacs - Dispositivos Apple de segunda mano al mejor precio","robots":{"index":"index","follow":"follow","max-snippet":"max-snippet:-1","max-image-preview":"max-image-preview:large","max-video-preview":"max-video-preview:-1"},"canonical":"https:\/\/visomacs.com\/formas-de-pago\/","og_locale":"pt_PT","og_type":"article","og_title":"[:es]Formas de pago[:pt]Formas de pagamento[:] - Visomacs - Dispositivos Apple de segunda mano al mejor precio","og_url":"https:\/\/visomacs.com\/formas-de-pago\/","og_site_name":"Visomacs - Dispositivos Apple de segunda mano al mejor precio","article_publisher":"https:\/\/www.facebook.com\/visomacs\/","article_modified_time":"2021-05-27T09:21:50+00:00","twitter_card":"summary_large_image","twitter_misc":{"Tempo estimado de leitura":"7 minutos"},"schema":{"@context":"https:\/\/schema.org","@graph":[{"@type":"WebPage","@id":"https:\/\/visomacs.com\/formas-de-pago\/","url":"https:\/\/visomacs.com\/formas-de-pago\/","name":"[:es]Formas de pago[:pt]Formas de pagamento[:] - Visomacs - Dispositivos Apple de segunda mano al mejor precio","isPartOf":{"@id":"https:\/\/visomacs.com\/#website"},"datePublished":"2017-11-06T08:46:15+00:00","dateModified":"2021-05-27T09:21:50+00:00","breadcrumb":{"@id":"https:\/\/visomacs.com\/formas-de-pago\/#breadcrumb"},"inLanguage":"pt-PT","potentialAction":[{"@type":"ReadAction","target":["https:\/\/visomacs.com\/formas-de-pago\/"]}]},{"@type":"BreadcrumbList","@id":"https:\/\/visomacs.com\/formas-de-pago\/#breadcrumb","itemListElement":[{"@type":"ListItem","position":1,"name":"Portada","item":"https:\/\/visomacs.com\/"},{"@type":"ListItem","position":2,"name":"Formas de pago"}]},{"@type":"WebSite","@id":"https:\/\/visomacs.com\/#website","url":"https:\/\/visomacs.com\/","name":"Visomacs ( a RITEL IT SERVICES group)","description":"Todos nuestros productos son examinados por profesionales y poseen 1 a\u00f1o de garant\u00eda. Realizamos env\u00edos gratuitos 24 h en la pen\u00ednsula. ","publisher":{"@id":"https:\/\/visomacs.com\/#organization"},"potentialAction":[{"@type":"SearchAction","target":{"@type":"EntryPoint","urlTemplate":"https:\/\/visomacs.com\/?s={search_term_string}"},"query-input":{"@type":"PropertyValueSpecification","valueRequired":true,"valueName":"search_term_string"}}],"inLanguage":"pt-PT"},{"@type":"Organization","@id":"https:\/\/visomacs.com\/#organization","name":"Visomacs ( a RITEL IT SERVICES group)","url":"https:\/\/visomacs.com\/","logo":{"@type":"ImageObject","inLanguage":"pt-PT","@id":"https:\/\/visomacs.com\/#\/schema\/logo\/image\/","url":"https:\/\/visomacs.com\/wp-content\/uploads\/2017\/10\/logo.png","contentUrl":"https:\/\/visomacs.com\/wp-content\/uploads\/2017\/10\/logo.png","width":235,"height":40,"caption":"Visomacs ( a RITEL IT SERVICES group)"},"image":{"@id":"https:\/\/visomacs.com\/#\/schema\/logo\/image\/"},"sameAs":["https:\/\/www.facebook.com\/visomacs\/","https:\/\/www.instagram.com\/visomacs\/"]}]}},"_links":{"self":[{"href":"https:\/\/visomacs.com\/pt\/wp-json\/wp\/v2\/pages\/18368","targetHints":{"allow":["GET"]}}],"collection":[{"href":"https:\/\/visomacs.com\/pt\/wp-json\/wp\/v2\/pages"}],"about":[{"href":"https:\/\/visomacs.com\/pt\/wp-json\/wp\/v2\/types\/page"}],"author":[{"embeddable":true,"href":"https:\/\/visomacs.com\/pt\/wp-json\/wp\/v2\/users\/1"}],"replies":[{"embeddable":true,"href":"https:\/\/visomacs.com\/pt\/wp-json\/wp\/v2\/comments?post=18368"}],"version-history":[{"count":1,"href":"https:\/\/visomacs.com\/pt\/wp-json\/wp\/v2\/pages\/18368\/revisions"}],"predecessor-version":[{"id":30597,"href":"https:\/\/visomacs.com\/pt\/wp-json\/wp\/v2\/pages\/18368\/revisions\/30597"}],"wp:attachment":[{"href":"https:\/\/visomacs.com\/pt\/wp-json\/wp\/v2\/media?parent=18368"}],"curies":[{"name":"wp","href":"https:\/\/api.w.org\/{rel}","templated":true}]}}