{"id":18516,"date":"2017-12-04T18:18:16","date_gmt":"2017-12-04T17:18:16","guid":{"rendered":"https:\/\/visomacs.com\/?page_id=18516"},"modified":"2021-07-07T14:43:57","modified_gmt":"2021-07-07T12:43:57","slug":"productos-2","status":"publish","type":"page","link":"https:\/\/visomacs.com\/pt\/productos-2\/","title":{"rendered":"Productos"},"content":{"rendered":"<p><div class=\"fusion-fullwidth fullwidth-box fusion-builder-row-2 nonhundred-percent-fullwidth non-hundred-percent-height-scrolling\" style=\"--awb-border-radius-top-left:0px;--awb-border-radius-top-right:0px;--awb-border-radius-bottom-right:0px;--awb-border-radius-bottom-left:0px;--awb-flex-wrap:wrap;\" ><div class=\"fusion-builder-row fusion-row\"><div class=\"fusion-layout-column fusion_builder_column fusion-builder-column-10 fusion_builder_column_1_2 1_2 fusion-one-half fusion-column-first fusion-column-inner-bg-wrapper boton-movil\" style=\"--awb-padding-top:27%;--awb-padding-bottom:27%;--awb-inner-bg-position:center center;--awb-inner-bg-size:cover;--awb-margin-top:0px;width:50%;width:calc(50% - ( ( 4% ) * 0.5 ) );margin-right: 4%;\"><span class=\"fusion-column-inner-bg hover-type-none\"><a class=\"fusion-column-anchor\" href=\"\/comprar\/macbook-segunda-mano-sevilla\/\"><span class=\"fusion-column-inner-bg-image lazyload\" data-bg=\"https:\/\/visomacs.com\/wp-content\/uploads\/2017\/12\/macbook-movil.jpg\"><\/span><\/a><\/span><div class=\"fusion-column-wrapper fusion-flex-column-wrapper-legacy fusion-column-has-bg-image\" data-bg-url=\"https:\/\/visomacs.com\/wp-content\/uploads\/2017\/12\/macbook-movil.jpg\"><div class=\"fusion-column-content-centered\"><div class=\"fusion-column-content\"><div class=\"fusion-button-wrapper fusion-aligncenter\"><a class=\"fusion-button button-flat button-xlarge button-custom fusion-button-default button-11 fusion-button-default-span fusion-button-default-type fusion-animated\" style=\"--button_accent_color:#ffffff;--button_accent_hover_color:#ffffff;--button_border_hover_color:#ffffff;--button_border_width-top:1px;--button_border_width-right:1px;--button_border_width-bottom:1px;--button_border_width-left:1px;--button_gradient_top_color:rgba(255,255,255,0);--button_gradient_bottom_color:rgba(255,255,255,0);--button_gradient_top_color_hover:#eabb00;--button_gradient_bottom_color_hover:#eabb00;\" data-animationType=\"fadeInDown\" data-animationDuration=\"0.5\" data-animationOffset=\"top-into-view\" target=\"_self\" title=\"MACBOOK\" aria-label=\"MACBOOK\" href=\"\/comprar\/macbook-segunda-mano-sevilla\/\"><span class=\"fusion-button-text awb-button__text awb-button__text--default\">MACBOOK<\/span><\/a><\/div><\/div><\/div><div class=\"fusion-clearfix\"><\/div><\/div><\/div><div class=\"fusion-layout-column fusion_builder_column fusion-builder-column-11 fusion_builder_column_1_2 1_2 fusion-one-half fusion-column-last fusion-column-inner-bg-wrapper boton-movil\" style=\"--awb-padding-top:27%;--awb-padding-bottom:27%;--awb-inner-bg-position:center center;--awb-inner-bg-size:cover;--awb-margin-top:0px;width:50%;width:calc(50% - ( ( 4% ) * 0.5 ) );\"><span class=\"fusion-column-inner-bg hover-type-none\"><a class=\"fusion-column-anchor\" href=\"\/comprar\/macbook-pro-segunda-mano-sevilla\/\"><span class=\"fusion-column-inner-bg-image lazyload\" data-bg=\"https:\/\/visomacs.com\/wp-content\/uploads\/2017\/12\/macbook-pro-movil.jpg\"><\/span><\/a><\/span><div class=\"fusion-column-wrapper fusion-flex-column-wrapper-legacy fusion-column-has-bg-image\" data-bg-url=\"https:\/\/visomacs.com\/wp-content\/uploads\/2017\/12\/macbook-pro-movil.jpg\"><div class=\"fusion-column-content-centered\"><div class=\"fusion-column-content\"><div class=\"fusion-button-wrapper fusion-aligncenter\"><a class=\"fusion-button button-flat button-xlarge button-custom fusion-button-default button-12 fusion-button-default-span fusion-button-default-type fusion-animated\" style=\"--button_accent_color:#ffffff;--button_accent_hover_color:#ffffff;--button_border_hover_color:#ffffff;--button_border_width-top:1px;--button_border_width-right:1px;--button_border_width-bottom:1px;--button_border_width-left:1px;--button_gradient_top_color:rgba(255,255,255,0);--button_gradient_bottom_color:rgba(255,255,255,0);--button_gradient_top_color_hover:#eabb00;--button_gradient_bottom_color_hover:#eabb00;\" data-animationType=\"fadeInDown\" data-animationDuration=\"0.5\" data-animationOffset=\"top-into-view\" target=\"_self\" title=\"MACBOOK PRO\" aria-label=\"MACBOOK PRO\" href=\"\/comprar\/macbook-pro-segunda-mano-sevilla\/\"><span class=\"fusion-button-text awb-button__text awb-button__text--default\">MACBOOK PRO<\/span><\/a><\/div><\/div><\/div><div class=\"fusion-clearfix\"><\/div><\/div><\/div><div class=\"fusion-layout-column fusion_builder_column fusion-builder-column-12 fusion_builder_column_1_2 1_2 fusion-one-half fusion-column-first fusion-column-inner-bg-wrapper boton-movil\" style=\"--awb-padding-top:27%;--awb-padding-bottom:27%;--awb-inner-bg-position:center center;--awb-inner-bg-size:cover;--awb-margin-top:0px;width:50%;width:calc(50% - ( ( 4% ) * 0.5 ) );margin-right: 4%;\"><span class=\"fusion-column-inner-bg hover-type-none\"><a class=\"fusion-column-anchor\" href=\"\/comprar\/macbook-air-segunda-mano-sevilla\/\"><span class=\"fusion-column-inner-bg-image lazyload\" data-bg=\"https:\/\/visomacs.com\/wp-content\/uploads\/2017\/12\/macbook-air-movil.jpg\"><\/span><\/a><\/span><div class=\"fusion-column-wrapper fusion-flex-column-wrapper-legacy fusion-column-has-bg-image\" data-bg-url=\"https:\/\/visomacs.com\/wp-content\/uploads\/2017\/12\/macbook-air-movil.jpg\"><div class=\"fusion-column-content-centered\"><div class=\"fusion-column-content\"><div class=\"fusion-button-wrapper fusion-aligncenter\"><a class=\"fusion-button button-flat button-xlarge button-custom fusion-button-default button-13 fusion-button-default-span fusion-button-default-type fusion-animated\" style=\"--button_accent_color:#ffffff;--button_accent_hover_color:#ffffff;--button_border_hover_color:#ffffff;--button_border_width-top:1px;--button_border_width-right:1px;--button_border_width-bottom:1px;--button_border_width-left:1px;--button_gradient_top_color:rgba(255,255,255,0);--button_gradient_bottom_color:rgba(255,255,255,0);--button_gradient_top_color_hover:#eabb00;--button_gradient_bottom_color_hover:#eabb00;\" data-animationType=\"fadeInDown\" data-animationDuration=\"0.5\" data-animationOffset=\"top-into-view\" target=\"_self\" title=\"MACBOOK AIR\" aria-label=\"MACBOOK AIR\" href=\"\/comprar\/macbook-air-segunda-mano-sevilla\/\"><span class=\"fusion-button-text awb-button__text awb-button__text--default\">MACBOOK AIR<\/span><\/a><\/div><\/div><\/div><div class=\"fusion-clearfix\"><\/div><\/div><\/div><div class=\"fusion-layout-column fusion_builder_column fusion-builder-column-13 fusion_builder_column_1_2 1_2 fusion-one-half fusion-column-last fusion-column-inner-bg-wrapper boton-movil\" style=\"--awb-padding-top:27%;--awb-padding-bottom:27%;--awb-inner-bg-position:center center;--awb-inner-bg-size:cover;--awb-margin-top:0px;width:50%;width:calc(50% - ( ( 4% ) * 0.5 ) );\"><span class=\"fusion-column-inner-bg hover-type-none\"><a class=\"fusion-column-anchor\" href=\"\/comprar\/imac-segunda-mano-sevilla\/\"><span class=\"fusion-column-inner-bg-image lazyload\" data-bg=\"https:\/\/visomacs.com\/wp-content\/uploads\/2017\/12\/imac-movil.jpg\"><\/span><\/a><\/span><div class=\"fusion-column-wrapper fusion-flex-column-wrapper-legacy fusion-column-has-bg-image\" data-bg-url=\"https:\/\/visomacs.com\/wp-content\/uploads\/2017\/12\/imac-movil.jpg\"><div class=\"fusion-column-content-centered\"><div class=\"fusion-column-content\"><div class=\"fusion-button-wrapper fusion-aligncenter\"><a class=\"fusion-button button-flat button-xlarge button-custom fusion-button-default button-14 fusion-button-default-span fusion-button-default-type fusion-animated\" style=\"--button_accent_color:#ffffff;--button_accent_hover_color:#ffffff;--button_border_hover_color:#ffffff;--button_border_width-top:1px;--button_border_width-right:1px;--button_border_width-bottom:1px;--button_border_width-left:1px;--button_gradient_top_color:rgba(255,255,255,0);--button_gradient_bottom_color:rgba(255,255,255,0);--button_gradient_top_color_hover:#eabb00;--button_gradient_bottom_color_hover:#eabb00;\" data-animationType=\"fadeInDown\" data-animationDuration=\"0.5\" data-animationOffset=\"top-into-view\" target=\"_self\" title=\"IMAC\" aria-label=\"IMAC\" href=\"\/comprar\/imac-segunda-mano-sevilla\/\"><span class=\"fusion-button-text awb-button__text awb-button__text--default\">IMAC<\/span><\/a><\/div><\/div><\/div><div class=\"fusion-clearfix\"><\/div><\/div><\/div><div class=\"fusion-layout-column fusion_builder_column fusion-builder-column-14 fusion_builder_column_1_2 1_2 fusion-one-half fusion-column-first fusion-column-inner-bg-wrapper boton-movil\" style=\"--awb-padding-top:27%;--awb-padding-bottom:27%;--awb-inner-bg-position:center center;--awb-inner-bg-size:cover;--awb-margin-top:0px;width:50%;width:calc(50% - ( ( 4% ) * 0.5 ) );margin-right: 4%;\"><span class=\"fusion-column-inner-bg hover-type-none\"><a class=\"fusion-column-anchor\" href=\"\/comprar\/mac-mini-segunda-mano-sevilla\/\"><span class=\"fusion-column-inner-bg-image lazyload\" data-bg=\"https:\/\/visomacs.com\/wp-content\/uploads\/2017\/12\/mac-mini-movil.jpg\"><\/span><\/a><\/span><div class=\"fusion-column-wrapper fusion-flex-column-wrapper-legacy fusion-column-has-bg-image\" data-bg-url=\"https:\/\/visomacs.com\/wp-content\/uploads\/2017\/12\/mac-mini-movil.jpg\"><div class=\"fusion-column-content-centered\"><div class=\"fusion-column-content\"><div class=\"fusion-button-wrapper fusion-aligncenter\"><a class=\"fusion-button button-flat button-xlarge button-custom fusion-button-default button-15 fusion-button-default-span fusion-button-default-type fusion-animated\" style=\"--button_accent_color:#ffffff;--button_accent_hover_color:#ffffff;--button_border_hover_color:#ffffff;--button_border_width-top:1px;--button_border_width-right:1px;--button_border_width-bottom:1px;--button_border_width-left:1px;--button_gradient_top_color:rgba(255,255,255,0);--button_gradient_bottom_color:rgba(255,255,255,0);--button_gradient_top_color_hover:#eabb00;--button_gradient_bottom_color_hover:#eabb00;\" data-animationType=\"fadeInDown\" data-animationDuration=\"0.5\" data-animationOffset=\"top-into-view\" target=\"_self\" title=\"MAC MINI\" aria-label=\"MAC MINI\" href=\"\/comprar\/mac-mini-segunda-mano-sevilla\/\"><span class=\"fusion-button-text awb-button__text awb-button__text--default\">MAC MINI<\/span><\/a><\/div><\/div><\/div><div class=\"fusion-clearfix\"><\/div><\/div><\/div><div class=\"fusion-layout-column fusion_builder_column fusion-builder-column-15 fusion_builder_column_1_2 1_2 fusion-one-half fusion-column-last fusion-column-inner-bg-wrapper boton-movil\" style=\"--awb-padding-top:27%;--awb-padding-bottom:27%;--awb-inner-bg-position:center center;--awb-inner-bg-size:cover;--awb-margin-top:0px;width:50%;width:calc(50% - ( ( 4% ) * 0.5 ) );\"><span class=\"fusion-column-inner-bg hover-type-none\"><a class=\"fusion-column-anchor\" href=\"\/comprar\/iphone-segunda-mano-sevilla\/\"><span class=\"fusion-column-inner-bg-image lazyload\" data-bg=\"https:\/\/visomacs.com\/wp-content\/uploads\/2017\/12\/iphone-movil.jpg\"><\/span><\/a><\/span><div class=\"fusion-column-wrapper fusion-flex-column-wrapper-legacy fusion-column-has-bg-image\" data-bg-url=\"https:\/\/visomacs.com\/wp-content\/uploads\/2017\/12\/iphone-movil.jpg\"><div class=\"fusion-column-content-centered\"><div class=\"fusion-column-content\"><div class=\"fusion-button-wrapper fusion-aligncenter\"><a class=\"fusion-button button-flat button-xlarge button-custom fusion-button-default button-16 fusion-button-default-span fusion-button-default-type fusion-animated\" style=\"--button_accent_color:#ffffff;--button_accent_hover_color:#ffffff;--button_border_hover_color:#ffffff;--button_border_width-top:1px;--button_border_width-right:1px;--button_border_width-bottom:1px;--button_border_width-left:1px;--button_gradient_top_color:rgba(255,255,255,0);--button_gradient_bottom_color:rgba(255,255,255,0);--button_gradient_top_color_hover:#eabb00;--button_gradient_bottom_color_hover:#eabb00;\" data-animationType=\"fadeInDown\" data-animationDuration=\"0.5\" data-animationOffset=\"top-into-view\" target=\"_self\" title=\"IPHONE\" aria-label=\"IPHONE\" href=\"\/comprar\/iphone-segunda-mano-sevilla\/\"><span class=\"fusion-button-text awb-button__text awb-button__text--default\">IPHONE<\/span><\/a><\/div><\/div><\/div><div class=\"fusion-clearfix\"><\/div><\/div><\/div><div class=\"fusion-layout-column fusion_builder_column fusion-builder-column-16 fusion_builder_column_1_2 1_2 fusion-one-half fusion-column-first fusion-column-inner-bg-wrapper boton-movil\" style=\"--awb-padding-top:27%;--awb-padding-bottom:27%;--awb-inner-bg-position:center center;--awb-inner-bg-size:cover;--awb-margin-top:0px;width:50%;width:calc(50% - ( ( 4% ) * 0.5 ) );margin-right: 4%;\"><span class=\"fusion-column-inner-bg hover-type-none\"><a class=\"fusion-column-anchor\" href=\"\/comprar\/iwatch-segunda-mano-sevilla\/\"><span class=\"fusion-column-inner-bg-image lazyload\" data-bg=\"https:\/\/visomacs.com\/wp-content\/uploads\/2017\/12\/apple-watch-movil.jpg\"><\/span><\/a><\/span><div class=\"fusion-column-wrapper fusion-flex-column-wrapper-legacy fusion-column-has-bg-image\" data-bg-url=\"https:\/\/visomacs.com\/wp-content\/uploads\/2017\/12\/apple-watch-movil.jpg\"><div class=\"fusion-column-content-centered\"><div class=\"fusion-column-content\"><div class=\"fusion-button-wrapper fusion-aligncenter\"><a class=\"fusion-button button-flat button-xlarge button-custom fusion-button-default button-17 fusion-button-default-span fusion-button-default-type fusion-animated\" style=\"--button_accent_color:#ffffff;--button_accent_hover_color:#ffffff;--button_border_hover_color:#ffffff;--button_border_width-top:1px;--button_border_width-right:1px;--button_border_width-bottom:1px;--button_border_width-left:1px;--button_gradient_top_color:rgba(255,255,255,0);--button_gradient_bottom_color:rgba(255,255,255,0);--button_gradient_top_color_hover:#eabb00;--button_gradient_bottom_color_hover:#eabb00;\" data-animationType=\"fadeInDown\" data-animationDuration=\"0.5\" data-animationOffset=\"top-into-view\" target=\"_self\" title=\"IWATCH\" aria-label=\"IWATCH\" href=\"\/comprar\/iwatch-segunda-mano-sevilla\/\"><span class=\"fusion-button-text awb-button__text awb-button__text--default\">IWATCH<\/span><\/a><\/div><\/div><\/div><div class=\"fusion-clearfix\"><\/div><\/div><\/div><div class=\"fusion-layout-column fusion_builder_column fusion-builder-column-17 fusion_builder_column_1_2 1_2 fusion-one-half fusion-column-last fusion-column-inner-bg-wrapper boton-movil\" style=\"--awb-padding-top:27%;--awb-padding-bottom:27%;--awb-inner-bg-position:center center;--awb-inner-bg-size:cover;--awb-margin-top:0px;width:50%;width:calc(50% - ( ( 4% ) * 0.5 ) );\"><span class=\"fusion-column-inner-bg hover-type-none\"><a class=\"fusion-column-anchor\" href=\"\/comprar\/ipad-segunda-mano-sevilla\/\"><span class=\"fusion-column-inner-bg-image lazyload\" data-bg=\"https:\/\/visomacs.com\/wp-content\/uploads\/2017\/12\/ipad-movil.jpg\"><\/span><\/a><\/span><div class=\"fusion-column-wrapper fusion-flex-column-wrapper-legacy fusion-column-has-bg-image\" data-bg-url=\"https:\/\/visomacs.com\/wp-content\/uploads\/2017\/12\/ipad-movil.jpg\"><div class=\"fusion-column-content-centered\"><div class=\"fusion-column-content\"><div class=\"fusion-button-wrapper fusion-aligncenter\"><a class=\"fusion-button button-flat button-xlarge button-custom fusion-button-default button-18 fusion-button-default-span fusion-button-default-type fusion-animated\" style=\"--button_accent_color:#ffffff;--button_accent_hover_color:#ffffff;--button_border_hover_color:#ffffff;--button_border_width-top:1px;--button_border_width-right:1px;--button_border_width-bottom:1px;--button_border_width-left:1px;--button_gradient_top_color:rgba(255,255,255,0);--button_gradient_bottom_color:rgba(255,255,255,0);--button_gradient_top_color_hover:#eabb00;--button_gradient_bottom_color_hover:#eabb00;\" data-animationType=\"fadeInDown\" data-animationDuration=\"0.5\" data-animationOffset=\"top-into-view\" target=\"_self\" title=\"IPAD\" aria-label=\"IPAD\" href=\"\/comprar\/ipad-segunda-mano-sevilla\/\"><span class=\"fusion-button-text awb-button__text awb-button__text--default\">IPAD<\/span><\/a><\/div><\/div><\/div><div class=\"fusion-clearfix\"><\/div><\/div><\/div><div class=\"fusion-layout-column fusion_builder_column fusion-builder-column-18 fusion_builder_column_1_2 1_2 fusion-one-half fusion-column-first fusion-column-inner-bg-wrapper boton-movil\" style=\"--awb-padding-top:27%;--awb-padding-bottom:27%;--awb-inner-bg-position:center center;--awb-inner-bg-size:cover;--awb-margin-top:0px;width:50%;width:calc(50% - ( ( 4% ) * 0.5 ) );margin-right: 4%;\"><span class=\"fusion-column-inner-bg hover-type-none\"><a class=\"fusion-column-anchor\" href=\"\/comprar\/productos-apple-segunda-mano-sevilla\/\"><span class=\"fusion-column-inner-bg-image lazyload\" data-bg=\"https:\/\/visomacs.com\/wp-content\/uploads\/2017\/12\/otros-movil.jpg\"><\/span><\/a><\/span><div class=\"fusion-column-wrapper fusion-flex-column-wrapper-legacy fusion-column-has-bg-image\" data-bg-url=\"https:\/\/visomacs.com\/wp-content\/uploads\/2017\/12\/otros-movil.jpg\"><div class=\"fusion-column-content-centered\"><div class=\"fusion-column-content\"><div class=\"fusion-button-wrapper fusion-aligncenter\"><a class=\"fusion-button button-flat button-xlarge button-custom fusion-button-default button-19 fusion-button-default-span fusion-button-default-type fusion-animated\" style=\"--button_accent_color:#ffffff;--button_accent_hover_color:#ffffff;--button_border_hover_color:#ffffff;--button_border_width-top:1px;--button_border_width-right:1px;--button_border_width-bottom:1px;--button_border_width-left:1px;--button_gradient_top_color:rgba(255,255,255,0);--button_gradient_bottom_color:rgba(255,255,255,0);--button_gradient_top_color_hover:#eabb00;--button_gradient_bottom_color_hover:#eabb00;\" data-animationType=\"fadeInDown\" data-animationDuration=\"0.5\" data-animationOffset=\"top-into-view\" target=\"_self\" title=\"OTROS\" aria-label=\"OTROS\" href=\"\/comprar\/productos-apple-segunda-mano-sevilla\/\"><span class=\"fusion-button-text awb-button__text awb-button__text--default\">OTROS<\/span><\/a><\/div><\/div><\/div><div class=\"fusion-clearfix\"><\/div><\/div><\/div><div class=\"fusion-layout-column fusion_builder_column fusion-builder-column-19 fusion_builder_column_1_2 1_2 fusion-one-half fusion-column-last fusion-column-inner-bg-wrapper boton-movil\" style=\"--awb-padding-top:27%;--awb-padding-bottom:27%;--awb-inner-bg-position:center center;--awb-inner-bg-size:cover;--awb-margin-top:0px;width:50%;width:calc(50% - ( ( 4% ) * 0.5 ) );\"><span class=\"fusion-column-inner-bg hover-type-none\"><a class=\"fusion-column-anchor\" href=\"\/comprar\/outlet-ocasion-apple-sevilla\/\"><span class=\"fusion-column-inner-bg-image lazyload\" data-bg=\"https:\/\/visomacs.com\/wp-content\/uploads\/2017\/12\/outlet-movil.jpg\"><\/span><\/a><\/span><div class=\"fusion-column-wrapper fusion-flex-column-wrapper-legacy fusion-column-has-bg-image\" data-bg-url=\"https:\/\/visomacs.com\/wp-content\/uploads\/2017\/12\/outlet-movil.jpg\"><div class=\"fusion-column-content-centered\"><div class=\"fusion-column-content\"><div class=\"fusion-button-wrapper fusion-aligncenter\"><a class=\"fusion-button button-flat button-xlarge button-custom fusion-button-default button-20 fusion-button-default-span fusion-button-default-type fusion-animated\" style=\"--button_accent_color:#ffffff;--button_accent_hover_color:#ffffff;--button_border_hover_color:#ffffff;--button_border_width-top:1px;--button_border_width-right:1px;--button_border_width-bottom:1px;--button_border_width-left:1px;--button_gradient_top_color:rgba(255,255,255,0);--button_gradient_bottom_color:rgba(255,255,255,0);--button_gradient_top_color_hover:#eabb00;--button_gradient_bottom_color_hover:#eabb00;\" data-animationType=\"fadeInDown\" data-animationDuration=\"0.5\" data-animationOffset=\"top-into-view\" target=\"_self\" title=\"OUTLET\" aria-label=\"OUTLET\" href=\"\/comprar\/outlet-ocasion-apple-sevilla\/\"><span class=\"fusion-button-text awb-button__text awb-button__text--default\">OUTLET<\/span><\/a><\/div><\/div><\/div><div class=\"fusion-clearfix\"><\/div><\/div><\/div><\/div><\/div><\/p>","protected":false},"excerpt":{"rendered":"","protected":false},"author":1,"featured_media":0,"parent":0,"menu_order":0,"comment_status":"closed","ping_status":"closed","template":"100-width.php","meta":{"_joinchat":[],"footnotes":""},"class_list":["post-18516","page","type-page","status-publish","hentry"],"acf":[],"yoast_head":"<!-- This site is optimized with the Yoast SEO plugin v27.5 - https:\/\/yoast.com\/product\/yoast-seo-wordpress\/ -->\n<title>Productos - Visomacs - Dispositivos Apple de segunda mano al mejor precio<\/title>\n<meta name=\"robots\" content=\"index, follow, max-snippet:-1, max-image-preview:large, max-video-preview:-1\" \/>\n<link rel=\"canonical\" href=\"https:\/\/visomacs.com\/productos-2\/\" \/>\n<meta property=\"og:locale\" content=\"pt_PT\" \/>\n<meta property=\"og:type\" content=\"article\" \/>\n<meta property=\"og:title\" content=\"Productos - Visomacs - Dispositivos Apple de segunda mano al mejor precio\" \/>\n<meta property=\"og:url\" content=\"https:\/\/visomacs.com\/productos-2\/\" \/>\n<meta property=\"og:site_name\" content=\"Visomacs - Dispositivos Apple de segunda mano al mejor precio\" \/>\n<meta property=\"article:publisher\" content=\"https:\/\/www.facebook.com\/visomacs\/\" \/>\n<meta property=\"article:modified_time\" content=\"2021-07-07T12:43:57+00:00\" \/>\n<meta name=\"twitter:card\" content=\"summary_large_image\" \/>\n<meta name=\"twitter:label1\" content=\"Tempo estimado de leitura\" \/>\n\t<meta name=\"twitter:data1\" content=\"18 minutos\" \/>\n<!-- \/ Yoast SEO plugin. -->","yoast_head_json":{"title":"Productos - Visomacs - Dispositivos Apple de segunda mano al mejor precio","robots":{"index":"index","follow":"follow","max-snippet":"max-snippet:-1","max-image-preview":"max-image-preview:large","max-video-preview":"max-video-preview:-1"},"canonical":"https:\/\/visomacs.com\/productos-2\/","og_locale":"pt_PT","og_type":"article","og_title":"Productos - Visomacs - Dispositivos Apple de segunda mano al mejor precio","og_url":"https:\/\/visomacs.com\/productos-2\/","og_site_name":"Visomacs - Dispositivos Apple de segunda mano al mejor precio","article_publisher":"https:\/\/www.facebook.com\/visomacs\/","article_modified_time":"2021-07-07T12:43:57+00:00","twitter_card":"summary_large_image","twitter_misc":{"Tempo estimado de leitura":"18 minutos"},"schema":{"@context":"https:\/\/schema.org","@graph":[{"@type":"WebPage","@id":"https:\/\/visomacs.com\/productos-2\/","url":"https:\/\/visomacs.com\/productos-2\/","name":"Productos - Visomacs - Dispositivos Apple de segunda mano al mejor precio","isPartOf":{"@id":"https:\/\/visomacs.com\/#website"},"datePublished":"2017-12-04T17:18:16+00:00","dateModified":"2021-07-07T12:43:57+00:00","breadcrumb":{"@id":"https:\/\/visomacs.com\/productos-2\/#breadcrumb"},"inLanguage":"pt-PT","potentialAction":[{"@type":"ReadAction","target":["https:\/\/visomacs.com\/productos-2\/"]}]},{"@type":"BreadcrumbList","@id":"https:\/\/visomacs.com\/productos-2\/#breadcrumb","itemListElement":[{"@type":"ListItem","position":1,"name":"Portada","item":"https:\/\/visomacs.com\/"},{"@type":"ListItem","position":2,"name":"Productos"}]},{"@type":"WebSite","@id":"https:\/\/visomacs.com\/#website","url":"https:\/\/visomacs.com\/","name":"Visomacs ( a RITEL IT SERVICES group)","description":"Todos nuestros productos son examinados por profesionales y poseen 1 a\u00f1o de garant\u00eda. Realizamos env\u00edos gratuitos 24 h en la pen\u00ednsula. ","publisher":{"@id":"https:\/\/visomacs.com\/#organization"},"potentialAction":[{"@type":"SearchAction","target":{"@type":"EntryPoint","urlTemplate":"https:\/\/visomacs.com\/?s={search_term_string}"},"query-input":{"@type":"PropertyValueSpecification","valueRequired":true,"valueName":"search_term_string"}}],"inLanguage":"pt-PT"},{"@type":"Organization","@id":"https:\/\/visomacs.com\/#organization","name":"Visomacs ( a RITEL IT SERVICES group)","url":"https:\/\/visomacs.com\/","logo":{"@type":"ImageObject","inLanguage":"pt-PT","@id":"https:\/\/visomacs.com\/#\/schema\/logo\/image\/","url":"https:\/\/visomacs.com\/wp-content\/uploads\/2017\/10\/logo.png","contentUrl":"https:\/\/visomacs.com\/wp-content\/uploads\/2017\/10\/logo.png","width":235,"height":40,"caption":"Visomacs ( a RITEL IT SERVICES group)"},"image":{"@id":"https:\/\/visomacs.com\/#\/schema\/logo\/image\/"},"sameAs":["https:\/\/www.facebook.com\/visomacs\/","https:\/\/www.instagram.com\/visomacs\/"]}]}},"_links":{"self":[{"href":"https:\/\/visomacs.com\/pt\/wp-json\/wp\/v2\/pages\/18516","targetHints":{"allow":["GET"]}}],"collection":[{"href":"https:\/\/visomacs.com\/pt\/wp-json\/wp\/v2\/pages"}],"about":[{"href":"https:\/\/visomacs.com\/pt\/wp-json\/wp\/v2\/types\/page"}],"author":[{"embeddable":true,"href":"https:\/\/visomacs.com\/pt\/wp-json\/wp\/v2\/users\/1"}],"replies":[{"embeddable":true,"href":"https:\/\/visomacs.com\/pt\/wp-json\/wp\/v2\/comments?post=18516"}],"version-history":[{"count":1,"href":"https:\/\/visomacs.com\/pt\/wp-json\/wp\/v2\/pages\/18516\/revisions"}],"predecessor-version":[{"id":31215,"href":"https:\/\/visomacs.com\/pt\/wp-json\/wp\/v2\/pages\/18516\/revisions\/31215"}],"wp:attachment":[{"href":"https:\/\/visomacs.com\/pt\/wp-json\/wp\/v2\/media?parent=18516"}],"curies":[{"name":"wp","href":"https:\/\/api.w.org\/{rel}","templated":true}]}}