{"id":32429,"date":"2022-02-02T07:34:55","date_gmt":"2022-02-02T06:34:55","guid":{"rendered":"https:\/\/visomacs.com\/?post_type=product&#038;p=32429"},"modified":"2022-02-02T07:34:55","modified_gmt":"2022-02-02T06:34:55","slug":"chasis-completo-imac-21-5-emc2805-mediados-2014","status":"publish","type":"product","link":"https:\/\/visomacs.com\/pt\/tienda-apple-segunda-mano-sevilla\/chasis-completo-imac-21-5-emc2805-mediados-2014\/","title":{"rendered":"CHASIS COMPLETO IMAC 21.5 EMC2805 MEDIADOS 2014"},"content":{"rendered":"","protected":false},"excerpt":{"rendered":"<p>Chasis Completo de Imac 21.5 pulgadas EMC2805 mediados 2014. Se encuentra en perfecto estado est\u00e9tico. Envio urgente incluido en precio.<\/p>\n","protected":false},"featured_media":32432,"template":"","meta":{"_joinchat":[]},"product_brand":[],"product_cat":[105],"product_tag":[],"class_list":{"0":"post-32429","1":"product","2":"type-product","3":"status-publish","4":"has-post-thumbnail","6":"product_cat-mac-spares","8":"first","9":"instock","10":"taxable","11":"shipping-taxable","12":"purchasable","13":"product-type-simple"},"composite_layout":"","composite_components":[],"composite_scenarios":[],"acf":[],"yoast_head":"<!-- This site is optimized with the Yoast SEO plugin v27.4 - https:\/\/yoast.com\/product\/yoast-seo-wordpress\/ -->\n<title>CHASIS COMPLETO IMAC 21.5 EMC2805 MEDIADOS 2014 - Visomacs - Dispositivos Apple de segunda mano al mejor precio<\/title>\n<meta name=\"robots\" content=\"index, follow, max-snippet:-1, max-image-preview:large, max-video-preview:-1\" \/>\n<link rel=\"canonical\" href=\"https:\/\/visomacs.com\/tienda-apple-segunda-mano-sevilla\/chasis-completo-imac-21-5-emc2805-mediados-2014\/\" \/>\n<meta property=\"og:locale\" content=\"pt_PT\" \/>\n<meta property=\"og:type\" content=\"article\" \/>\n<meta property=\"og:title\" content=\"CHASIS COMPLETO IMAC 21.5 EMC2805 MEDIADOS 2014 - Visomacs - Dispositivos Apple de segunda mano al mejor precio\" \/>\n<meta property=\"og:description\" content=\"Chasis Completo de Imac 21.5 pulgadas EMC2805 mediados 2014. Se encuentra en perfecto estado est\u00e9tico. Envio urgente incluido en precio.\" \/>\n<meta property=\"og:url\" content=\"https:\/\/visomacs.com\/tienda-apple-segunda-mano-sevilla\/chasis-completo-imac-21-5-emc2805-mediados-2014\/\" \/>\n<meta property=\"og:site_name\" content=\"Visomacs - Dispositivos Apple de segunda mano al mejor precio\" \/>\n<meta property=\"article:publisher\" content=\"https:\/\/www.facebook.com\/visomacs\/\" \/>\n<meta property=\"og:image\" content=\"https:\/\/visomacs.com\/wp-content\/uploads\/2022\/02\/CHASIS-A1418-2014-1.jpg\" \/>\n\t<meta property=\"og:image:width\" content=\"1200\" \/>\n\t<meta property=\"og:image:height\" content=\"900\" \/>\n\t<meta property=\"og:image:type\" content=\"image\/jpeg\" \/>\n<meta name=\"twitter:card\" content=\"summary_large_image\" \/>\n<!-- \/ Yoast SEO plugin. -->","yoast_head_json":{"title":"CHASIS COMPLETO IMAC 21.5 EMC2805 MEDIADOS 2014 - Visomacs - Dispositivos Apple de segunda mano al mejor precio","robots":{"index":"index","follow":"follow","max-snippet":"max-snippet:-1","max-image-preview":"max-image-preview:large","max-video-preview":"max-video-preview:-1"},"canonical":"https:\/\/visomacs.com\/tienda-apple-segunda-mano-sevilla\/chasis-completo-imac-21-5-emc2805-mediados-2014\/","og_locale":"pt_PT","og_type":"article","og_title":"CHASIS COMPLETO IMAC 21.5 EMC2805 MEDIADOS 2014 - Visomacs - Dispositivos Apple de segunda mano al mejor precio","og_description":"Chasis Completo de Imac 21.5 pulgadas EMC2805 mediados 2014. Se encuentra en perfecto estado est\u00e9tico. Envio urgente incluido en precio.","og_url":"https:\/\/visomacs.com\/tienda-apple-segunda-mano-sevilla\/chasis-completo-imac-21-5-emc2805-mediados-2014\/","og_site_name":"Visomacs - Dispositivos Apple de segunda mano al mejor precio","article_publisher":"https:\/\/www.facebook.com\/visomacs\/","og_image":[{"width":1200,"height":900,"url":"https:\/\/visomacs.com\/wp-content\/uploads\/2022\/02\/CHASIS-A1418-2014-1.jpg","type":"image\/jpeg"}],"twitter_card":"summary_large_image","schema":{"@context":"https:\/\/schema.org","@graph":[{"@type":"WebPage","@id":"https:\/\/visomacs.com\/tienda-apple-segunda-mano-sevilla\/chasis-completo-imac-21-5-emc2805-mediados-2014\/","url":"https:\/\/visomacs.com\/tienda-apple-segunda-mano-sevilla\/chasis-completo-imac-21-5-emc2805-mediados-2014\/","name":"CHASIS COMPLETO IMAC 21.5 EMC2805 MEDIADOS 2014 - Visomacs - Dispositivos Apple de segunda mano al mejor precio","isPartOf":{"@id":"https:\/\/visomacs.com\/#website"},"primaryImageOfPage":{"@id":"https:\/\/visomacs.com\/tienda-apple-segunda-mano-sevilla\/chasis-completo-imac-21-5-emc2805-mediados-2014\/#primaryimage"},"image":{"@id":"https:\/\/visomacs.com\/tienda-apple-segunda-mano-sevilla\/chasis-completo-imac-21-5-emc2805-mediados-2014\/#primaryimage"},"thumbnailUrl":"https:\/\/visomacs.com\/wp-content\/uploads\/2022\/02\/CHASIS-A1418-2014-1.jpg","datePublished":"2022-02-02T06:34:55+00:00","breadcrumb":{"@id":"https:\/\/visomacs.com\/tienda-apple-segunda-mano-sevilla\/chasis-completo-imac-21-5-emc2805-mediados-2014\/#breadcrumb"},"inLanguage":"pt-PT","potentialAction":[{"@type":"ReadAction","target":["https:\/\/visomacs.com\/tienda-apple-segunda-mano-sevilla\/chasis-completo-imac-21-5-emc2805-mediados-2014\/"]}]},{"@type":"ImageObject","inLanguage":"pt-PT","@id":"https:\/\/visomacs.com\/tienda-apple-segunda-mano-sevilla\/chasis-completo-imac-21-5-emc2805-mediados-2014\/#primaryimage","url":"https:\/\/visomacs.com\/wp-content\/uploads\/2022\/02\/CHASIS-A1418-2014-1.jpg","contentUrl":"https:\/\/visomacs.com\/wp-content\/uploads\/2022\/02\/CHASIS-A1418-2014-1.jpg","width":1200,"height":900},{"@type":"BreadcrumbList","@id":"https:\/\/visomacs.com\/tienda-apple-segunda-mano-sevilla\/chasis-completo-imac-21-5-emc2805-mediados-2014\/#breadcrumb","itemListElement":[{"@type":"ListItem","position":1,"name":"Portada","item":"https:\/\/visomacs.com\/"},{"@type":"ListItem","position":2,"name":"Tienda","item":"https:\/\/visomacs.com\/tienda-apple-segunda-mano-sevilla\/"},{"@type":"ListItem","position":3,"name":"CHASIS COMPLETO IMAC 21.5 EMC2805 MEDIADOS 2014"}]},{"@type":"WebSite","@id":"https:\/\/visomacs.com\/#website","url":"https:\/\/visomacs.com\/","name":"Visomacs ( a RITEL IT SERVICES group)","description":"Todos nuestros productos son examinados por profesionales y poseen 1 a\u00f1o de garant\u00eda. Realizamos env\u00edos gratuitos 24 h en la pen\u00ednsula. ","publisher":{"@id":"https:\/\/visomacs.com\/#organization"},"potentialAction":[{"@type":"SearchAction","target":{"@type":"EntryPoint","urlTemplate":"https:\/\/visomacs.com\/?s={search_term_string}"},"query-input":{"@type":"PropertyValueSpecification","valueRequired":true,"valueName":"search_term_string"}}],"inLanguage":"pt-PT"},{"@type":"Organization","@id":"https:\/\/visomacs.com\/#organization","name":"Visomacs ( a RITEL IT SERVICES group)","url":"https:\/\/visomacs.com\/","logo":{"@type":"ImageObject","inLanguage":"pt-PT","@id":"https:\/\/visomacs.com\/#\/schema\/logo\/image\/","url":"https:\/\/visomacs.com\/wp-content\/uploads\/2017\/10\/logo.png","contentUrl":"https:\/\/visomacs.com\/wp-content\/uploads\/2017\/10\/logo.png","width":235,"height":40,"caption":"Visomacs ( a RITEL IT SERVICES group)"},"image":{"@id":"https:\/\/visomacs.com\/#\/schema\/logo\/image\/"},"sameAs":["https:\/\/www.facebook.com\/visomacs\/","https:\/\/www.instagram.com\/visomacs\/"]}]}},"_links":{"self":[{"href":"https:\/\/visomacs.com\/pt\/wp-json\/wp\/v2\/product\/32429","targetHints":{"allow":["GET"]}}],"collection":[{"href":"https:\/\/visomacs.com\/pt\/wp-json\/wp\/v2\/product"}],"about":[{"href":"https:\/\/visomacs.com\/pt\/wp-json\/wp\/v2\/types\/product"}],"wp:featuredmedia":[{"embeddable":true,"href":"https:\/\/visomacs.com\/pt\/wp-json\/wp\/v2\/media\/32432"}],"wp:attachment":[{"href":"https:\/\/visomacs.com\/pt\/wp-json\/wp\/v2\/media?parent=32429"}],"wp:term":[{"taxonomy":"product_brand","embeddable":true,"href":"https:\/\/visomacs.com\/pt\/wp-json\/wp\/v2\/product_brand?post=32429"},{"taxonomy":"product_cat","embeddable":true,"href":"https:\/\/visomacs.com\/pt\/wp-json\/wp\/v2\/product_cat?post=32429"},{"taxonomy":"product_tag","embeddable":true,"href":"https:\/\/visomacs.com\/pt\/wp-json\/wp\/v2\/product_tag?post=32429"}],"curies":[{"name":"wp","href":"https:\/\/api.w.org\/{rel}","templated":true}]}}