{"id":40207,"date":"2025-05-20T12:48:42","date_gmt":"2025-05-20T10:48:42","guid":{"rendered":"https:\/\/visomacs.com\/?post_type=product&#038;p=40207"},"modified":"2025-05-21T07:12:29","modified_gmt":"2025-05-21T05:12:29","slug":"teclado-apple","status":"publish","type":"product","link":"https:\/\/visomacs.com\/pt\/tienda-apple-segunda-mano-sevilla\/teclado-apple\/","title":{"rendered":"Apple Magic Keyboard con Touch ID A2449"},"content":{"rendered":"","protected":false},"excerpt":{"rendered":"<p class=\"qtranxs-available-languages-message qtranxs-available-languages-message-pt\">Desculpe, este conte\u00fado s\u00f3 est\u00e1 dispon\u00edvel em <a href=\"https:\/\/visomacs.com\/es\/wp-json\/wp\/v2\/product\/40207\" class=\"qtranxs-available-language-link qtranxs-available-language-link-es\" title=\"Espa\u00f1ol\">Espa\u00f1ol<\/a>. Por uma quest\u00e3o de conveni\u00eancia para o utilizador, o conte\u00fado \u00e9 mostrado abaixo no idioma alternativo. Pode clicar na liga\u00e7\u00e3o para alterar o idioma activo.<\/p>\n<p>Teclado usado en perfecto estado de funcionamiento, presenta leves marcas de uso.<\/p>\n","protected":false},"featured_media":40208,"template":"","meta":{"_joinchat":[]},"product_brand":[],"product_cat":[87],"product_tag":[],"class_list":{"0":"post-40207","1":"product","2":"type-product","3":"status-publish","4":"has-post-thumbnail","6":"product_cat-imac-segunda-mano-sevilla","8":"first","9":"instock","10":"purchasable","11":"product-type-simple"},"composite_layout":"","composite_components":[],"composite_scenarios":[],"acf":[],"yoast_head":"<!-- This site is optimized with the Yoast SEO plugin v27.5 - https:\/\/yoast.com\/product\/yoast-seo-wordpress\/ -->\n<title>Apple Magic Keyboard con Touch ID A2449 - Visomacs - Dispositivos Apple de segunda mano al mejor precio<\/title>\n<meta name=\"robots\" content=\"index, follow, max-snippet:-1, max-image-preview:large, max-video-preview:-1\" \/>\n<link rel=\"canonical\" href=\"https:\/\/visomacs.com\/tienda-apple-segunda-mano-sevilla\/teclado-apple\/\" \/>\n<meta property=\"og:locale\" content=\"pt_PT\" \/>\n<meta property=\"og:type\" content=\"article\" \/>\n<meta property=\"og:title\" content=\"Apple Magic Keyboard con Touch ID A2449 - Visomacs - Dispositivos Apple de segunda mano al mejor precio\" \/>\n<meta property=\"og:description\" content=\"[:es]Teclado usado en perfecto estado de funcionamiento, presenta leves marcas de uso.[:]\" \/>\n<meta property=\"og:url\" content=\"https:\/\/visomacs.com\/tienda-apple-segunda-mano-sevilla\/teclado-apple\/\" \/>\n<meta property=\"og:site_name\" content=\"Visomacs - Dispositivos Apple de segunda mano al mejor precio\" \/>\n<meta property=\"article:publisher\" content=\"https:\/\/www.facebook.com\/visomacs\/\" \/>\n<meta property=\"article:modified_time\" content=\"2025-05-21T05:12:29+00:00\" \/>\n<meta property=\"og:image\" content=\"https:\/\/visomacs.com\/wp-content\/uploads\/2025\/05\/WhatsApp-Image-2025-05-20-at-12.32.50-1.jpeg\" \/>\n\t<meta property=\"og:image:width\" content=\"900\" \/>\n\t<meta property=\"og:image:height\" content=\"1200\" \/>\n\t<meta property=\"og:image:type\" content=\"image\/jpeg\" \/>\n<meta name=\"twitter:card\" content=\"summary_large_image\" \/>\n<meta name=\"twitter:label1\" content=\"Tempo estimado de leitura\" \/>\n\t<meta name=\"twitter:data1\" content=\"1 minuto\" \/>\n<!-- \/ Yoast SEO plugin. -->","yoast_head_json":{"title":"Apple Magic Keyboard con Touch ID A2449 - Visomacs - Dispositivos Apple de segunda mano al mejor precio","robots":{"index":"index","follow":"follow","max-snippet":"max-snippet:-1","max-image-preview":"max-image-preview:large","max-video-preview":"max-video-preview:-1"},"canonical":"https:\/\/visomacs.com\/tienda-apple-segunda-mano-sevilla\/teclado-apple\/","og_locale":"pt_PT","og_type":"article","og_title":"Apple Magic Keyboard con Touch ID A2449 - Visomacs - Dispositivos Apple de segunda mano al mejor precio","og_description":"[:es]Teclado usado en perfecto estado de funcionamiento, presenta leves marcas de uso.[:]","og_url":"https:\/\/visomacs.com\/tienda-apple-segunda-mano-sevilla\/teclado-apple\/","og_site_name":"Visomacs - Dispositivos Apple de segunda mano al mejor precio","article_publisher":"https:\/\/www.facebook.com\/visomacs\/","article_modified_time":"2025-05-21T05:12:29+00:00","og_image":[{"width":900,"height":1200,"url":"https:\/\/visomacs.com\/wp-content\/uploads\/2025\/05\/WhatsApp-Image-2025-05-20-at-12.32.50-1.jpeg","type":"image\/jpeg"}],"twitter_card":"summary_large_image","twitter_misc":{"Tempo estimado de leitura":"1 minuto"},"schema":{"@context":"https:\/\/schema.org","@graph":[{"@type":"WebPage","@id":"https:\/\/visomacs.com\/tienda-apple-segunda-mano-sevilla\/teclado-apple\/","url":"https:\/\/visomacs.com\/tienda-apple-segunda-mano-sevilla\/teclado-apple\/","name":"Apple Magic Keyboard con Touch ID A2449 - Visomacs - Dispositivos Apple de segunda mano al mejor precio","isPartOf":{"@id":"https:\/\/visomacs.com\/#website"},"primaryImageOfPage":{"@id":"https:\/\/visomacs.com\/tienda-apple-segunda-mano-sevilla\/teclado-apple\/#primaryimage"},"image":{"@id":"https:\/\/visomacs.com\/tienda-apple-segunda-mano-sevilla\/teclado-apple\/#primaryimage"},"thumbnailUrl":"https:\/\/visomacs.com\/wp-content\/uploads\/2025\/05\/WhatsApp-Image-2025-05-20-at-12.32.50-1.jpeg","datePublished":"2025-05-20T10:48:42+00:00","dateModified":"2025-05-21T05:12:29+00:00","breadcrumb":{"@id":"https:\/\/visomacs.com\/tienda-apple-segunda-mano-sevilla\/teclado-apple\/#breadcrumb"},"inLanguage":"pt-PT","potentialAction":[{"@type":"ReadAction","target":["https:\/\/visomacs.com\/tienda-apple-segunda-mano-sevilla\/teclado-apple\/"]}]},{"@type":"ImageObject","inLanguage":"pt-PT","@id":"https:\/\/visomacs.com\/tienda-apple-segunda-mano-sevilla\/teclado-apple\/#primaryimage","url":"https:\/\/visomacs.com\/wp-content\/uploads\/2025\/05\/WhatsApp-Image-2025-05-20-at-12.32.50-1.jpeg","contentUrl":"https:\/\/visomacs.com\/wp-content\/uploads\/2025\/05\/WhatsApp-Image-2025-05-20-at-12.32.50-1.jpeg","width":900,"height":1200},{"@type":"BreadcrumbList","@id":"https:\/\/visomacs.com\/tienda-apple-segunda-mano-sevilla\/teclado-apple\/#breadcrumb","itemListElement":[{"@type":"ListItem","position":1,"name":"Portada","item":"https:\/\/visomacs.com\/"},{"@type":"ListItem","position":2,"name":"Tienda","item":"https:\/\/visomacs.com\/tienda-apple-segunda-mano-sevilla\/"},{"@type":"ListItem","position":3,"name":"Apple Magic Keyboard con Touch ID A2449"}]},{"@type":"WebSite","@id":"https:\/\/visomacs.com\/#website","url":"https:\/\/visomacs.com\/","name":"Visomacs ( a RITEL IT SERVICES group)","description":"Todos nuestros productos son examinados por profesionales y poseen 1 a\u00f1o de garant\u00eda. Realizamos env\u00edos gratuitos 24 h en la pen\u00ednsula. ","publisher":{"@id":"https:\/\/visomacs.com\/#organization"},"potentialAction":[{"@type":"SearchAction","target":{"@type":"EntryPoint","urlTemplate":"https:\/\/visomacs.com\/?s={search_term_string}"},"query-input":{"@type":"PropertyValueSpecification","valueRequired":true,"valueName":"search_term_string"}}],"inLanguage":"pt-PT"},{"@type":"Organization","@id":"https:\/\/visomacs.com\/#organization","name":"Visomacs ( a RITEL IT SERVICES group)","url":"https:\/\/visomacs.com\/","logo":{"@type":"ImageObject","inLanguage":"pt-PT","@id":"https:\/\/visomacs.com\/#\/schema\/logo\/image\/","url":"https:\/\/visomacs.com\/wp-content\/uploads\/2017\/10\/logo.png","contentUrl":"https:\/\/visomacs.com\/wp-content\/uploads\/2017\/10\/logo.png","width":235,"height":40,"caption":"Visomacs ( a RITEL IT SERVICES group)"},"image":{"@id":"https:\/\/visomacs.com\/#\/schema\/logo\/image\/"},"sameAs":["https:\/\/www.facebook.com\/visomacs\/","https:\/\/www.instagram.com\/visomacs\/"]}]}},"_links":{"self":[{"href":"https:\/\/visomacs.com\/pt\/wp-json\/wp\/v2\/product\/40207","targetHints":{"allow":["GET"]}}],"collection":[{"href":"https:\/\/visomacs.com\/pt\/wp-json\/wp\/v2\/product"}],"about":[{"href":"https:\/\/visomacs.com\/pt\/wp-json\/wp\/v2\/types\/product"}],"wp:featuredmedia":[{"embeddable":true,"href":"https:\/\/visomacs.com\/pt\/wp-json\/wp\/v2\/media\/40208"}],"wp:attachment":[{"href":"https:\/\/visomacs.com\/pt\/wp-json\/wp\/v2\/media?parent=40207"}],"wp:term":[{"taxonomy":"product_brand","embeddable":true,"href":"https:\/\/visomacs.com\/pt\/wp-json\/wp\/v2\/product_brand?post=40207"},{"taxonomy":"product_cat","embeddable":true,"href":"https:\/\/visomacs.com\/pt\/wp-json\/wp\/v2\/product_cat?post=40207"},{"taxonomy":"product_tag","embeddable":true,"href":"https:\/\/visomacs.com\/pt\/wp-json\/wp\/v2\/product_tag?post=40207"}],"curies":[{"name":"wp","href":"https:\/\/api.w.org\/{rel}","templated":true}]}}