{"id":42072,"date":"2026-04-10T08:24:58","date_gmt":"2026-04-10T06:24:58","guid":{"rendered":"https:\/\/visomacs.com\/?post_type=product&#038;p=42072"},"modified":"2026-04-10T09:56:03","modified_gmt":"2026-04-10T07:56:03","slug":"iphone-13-mini-128gb-green","status":"publish","type":"product","link":"https:\/\/visomacs.com\/pt\/tienda-apple-segunda-mano-sevilla\/iphone-13-mini-128gb-green\/","title":{"rendered":"IPHONE 13 MINI 128GB GREEN"},"content":{"rendered":"","protected":false},"excerpt":{"rendered":"<p>iPhone 13 Mini 128GB Green. Presenta leves marcas de uso. Se entrega con cargador y 1 a\u00f1o de garant\u00eda.<\/p>\n","protected":false},"featured_media":42073,"template":"","meta":{"_joinchat":[]},"product_brand":[],"product_cat":[149],"product_tag":[],"class_list":{"0":"post-42072","1":"product","2":"type-product","3":"status-publish","4":"has-post-thumbnail","6":"product_cat-pte-inv","8":"first","9":"outofstock","10":"purchasable","11":"product-type-simple"},"composite_layout":"","composite_components":[],"composite_scenarios":[],"acf":[],"yoast_head":"<!-- This site is optimized with the Yoast SEO plugin v27.3 - https:\/\/yoast.com\/product\/yoast-seo-wordpress\/ -->\n<title>IPHONE 13 MINI 128GB GREEN - Visomacs - Dispositivos Apple de segunda mano al mejor precio<\/title>\n<meta name=\"robots\" content=\"index, follow, max-snippet:-1, max-image-preview:large, max-video-preview:-1\" \/>\n<link rel=\"canonical\" href=\"https:\/\/visomacs.com\/tienda-apple-segunda-mano-sevilla\/iphone-13-mini-128gb-green\/\" \/>\n<meta property=\"og:locale\" content=\"pt_PT\" \/>\n<meta property=\"og:type\" content=\"article\" \/>\n<meta property=\"og:title\" content=\"IPHONE 13 MINI 128GB GREEN - Visomacs - Dispositivos Apple de segunda mano al mejor precio\" \/>\n<meta property=\"og:description\" content=\"iPhone 13 Mini 128GB Green. Presenta leves marcas de uso. Se entrega con cargador y 1 a\u00f1o de garant\u00eda.\" \/>\n<meta property=\"og:url\" content=\"https:\/\/visomacs.com\/tienda-apple-segunda-mano-sevilla\/iphone-13-mini-128gb-green\/\" \/>\n<meta property=\"og:site_name\" content=\"Visomacs - Dispositivos Apple de segunda mano al mejor precio\" \/>\n<meta property=\"article:publisher\" content=\"https:\/\/www.facebook.com\/visomacs\/\" \/>\n<meta property=\"article:modified_time\" content=\"2026-04-10T07:56:03+00:00\" \/>\n<meta property=\"og:image\" content=\"https:\/\/visomacs.com\/wp-content\/uploads\/2026\/04\/13-MINI-GREEN.png\" \/>\n\t<meta property=\"og:image:width\" content=\"940\" \/>\n\t<meta property=\"og:image:height\" content=\"1112\" \/>\n\t<meta property=\"og:image:type\" content=\"image\/png\" \/>\n<meta name=\"twitter:card\" content=\"summary_large_image\" \/>\n<meta name=\"twitter:label1\" content=\"Tempo estimado de leitura\" \/>\n\t<meta name=\"twitter:data1\" content=\"1 minuto\" \/>\n<!-- \/ Yoast SEO plugin. -->","yoast_head_json":{"title":"IPHONE 13 MINI 128GB GREEN - Visomacs - Dispositivos Apple de segunda mano al mejor precio","robots":{"index":"index","follow":"follow","max-snippet":"max-snippet:-1","max-image-preview":"max-image-preview:large","max-video-preview":"max-video-preview:-1"},"canonical":"https:\/\/visomacs.com\/tienda-apple-segunda-mano-sevilla\/iphone-13-mini-128gb-green\/","og_locale":"pt_PT","og_type":"article","og_title":"IPHONE 13 MINI 128GB GREEN - Visomacs - Dispositivos Apple de segunda mano al mejor precio","og_description":"iPhone 13 Mini 128GB Green. Presenta leves marcas de uso. Se entrega con cargador y 1 a\u00f1o de garant\u00eda.","og_url":"https:\/\/visomacs.com\/tienda-apple-segunda-mano-sevilla\/iphone-13-mini-128gb-green\/","og_site_name":"Visomacs - Dispositivos Apple de segunda mano al mejor precio","article_publisher":"https:\/\/www.facebook.com\/visomacs\/","article_modified_time":"2026-04-10T07:56:03+00:00","og_image":[{"width":940,"height":1112,"url":"https:\/\/visomacs.com\/wp-content\/uploads\/2026\/04\/13-MINI-GREEN.png","type":"image\/png"}],"twitter_card":"summary_large_image","twitter_misc":{"Tempo estimado de leitura":"1 minuto"},"schema":{"@context":"https:\/\/schema.org","@graph":[{"@type":"WebPage","@id":"https:\/\/visomacs.com\/tienda-apple-segunda-mano-sevilla\/iphone-13-mini-128gb-green\/","url":"https:\/\/visomacs.com\/tienda-apple-segunda-mano-sevilla\/iphone-13-mini-128gb-green\/","name":"IPHONE 13 MINI 128GB GREEN - Visomacs - Dispositivos Apple de segunda mano al mejor precio","isPartOf":{"@id":"https:\/\/visomacs.com\/#website"},"primaryImageOfPage":{"@id":"https:\/\/visomacs.com\/tienda-apple-segunda-mano-sevilla\/iphone-13-mini-128gb-green\/#primaryimage"},"image":{"@id":"https:\/\/visomacs.com\/tienda-apple-segunda-mano-sevilla\/iphone-13-mini-128gb-green\/#primaryimage"},"thumbnailUrl":"https:\/\/visomacs.com\/wp-content\/uploads\/2026\/04\/13-MINI-GREEN.png","datePublished":"2026-04-10T06:24:58+00:00","dateModified":"2026-04-10T07:56:03+00:00","breadcrumb":{"@id":"https:\/\/visomacs.com\/tienda-apple-segunda-mano-sevilla\/iphone-13-mini-128gb-green\/#breadcrumb"},"inLanguage":"pt-PT","potentialAction":[{"@type":"ReadAction","target":["https:\/\/visomacs.com\/tienda-apple-segunda-mano-sevilla\/iphone-13-mini-128gb-green\/"]}]},{"@type":"ImageObject","inLanguage":"pt-PT","@id":"https:\/\/visomacs.com\/tienda-apple-segunda-mano-sevilla\/iphone-13-mini-128gb-green\/#primaryimage","url":"https:\/\/visomacs.com\/wp-content\/uploads\/2026\/04\/13-MINI-GREEN.png","contentUrl":"https:\/\/visomacs.com\/wp-content\/uploads\/2026\/04\/13-MINI-GREEN.png","width":940,"height":1112},{"@type":"BreadcrumbList","@id":"https:\/\/visomacs.com\/tienda-apple-segunda-mano-sevilla\/iphone-13-mini-128gb-green\/#breadcrumb","itemListElement":[{"@type":"ListItem","position":1,"name":"Portada","item":"https:\/\/visomacs.com\/"},{"@type":"ListItem","position":2,"name":"Tienda","item":"https:\/\/visomacs.com\/tienda-apple-segunda-mano-sevilla\/"},{"@type":"ListItem","position":3,"name":"IPHONE 13 MINI 128GB GREEN"}]},{"@type":"WebSite","@id":"https:\/\/visomacs.com\/#website","url":"https:\/\/visomacs.com\/","name":"Visomacs ( a RITEL IT SERVICES group)","description":"Todos nuestros productos son examinados por profesionales y poseen 1 a\u00f1o de garant\u00eda. Realizamos env\u00edos gratuitos 24 h en la pen\u00ednsula. ","publisher":{"@id":"https:\/\/visomacs.com\/#organization"},"potentialAction":[{"@type":"SearchAction","target":{"@type":"EntryPoint","urlTemplate":"https:\/\/visomacs.com\/?s={search_term_string}"},"query-input":{"@type":"PropertyValueSpecification","valueRequired":true,"valueName":"search_term_string"}}],"inLanguage":"pt-PT"},{"@type":"Organization","@id":"https:\/\/visomacs.com\/#organization","name":"Visomacs ( a RITEL IT SERVICES group)","url":"https:\/\/visomacs.com\/","logo":{"@type":"ImageObject","inLanguage":"pt-PT","@id":"https:\/\/visomacs.com\/#\/schema\/logo\/image\/","url":"https:\/\/visomacs.com\/wp-content\/uploads\/2017\/10\/logo.png","contentUrl":"https:\/\/visomacs.com\/wp-content\/uploads\/2017\/10\/logo.png","width":235,"height":40,"caption":"Visomacs ( a RITEL IT SERVICES group)"},"image":{"@id":"https:\/\/visomacs.com\/#\/schema\/logo\/image\/"},"sameAs":["https:\/\/www.facebook.com\/visomacs\/","https:\/\/www.instagram.com\/visomacs\/"]}]}},"_links":{"self":[{"href":"https:\/\/visomacs.com\/pt\/wp-json\/wp\/v2\/product\/42072","targetHints":{"allow":["GET"]}}],"collection":[{"href":"https:\/\/visomacs.com\/pt\/wp-json\/wp\/v2\/product"}],"about":[{"href":"https:\/\/visomacs.com\/pt\/wp-json\/wp\/v2\/types\/product"}],"wp:featuredmedia":[{"embeddable":true,"href":"https:\/\/visomacs.com\/pt\/wp-json\/wp\/v2\/media\/42073"}],"wp:attachment":[{"href":"https:\/\/visomacs.com\/pt\/wp-json\/wp\/v2\/media?parent=42072"}],"wp:term":[{"taxonomy":"product_brand","embeddable":true,"href":"https:\/\/visomacs.com\/pt\/wp-json\/wp\/v2\/product_brand?post=42072"},{"taxonomy":"product_cat","embeddable":true,"href":"https:\/\/visomacs.com\/pt\/wp-json\/wp\/v2\/product_cat?post=42072"},{"taxonomy":"product_tag","embeddable":true,"href":"https:\/\/visomacs.com\/pt\/wp-json\/wp\/v2\/product_tag?post=42072"}],"curies":[{"name":"wp","href":"https:\/\/api.w.org\/{rel}","templated":true}]}}