{"id":42085,"date":"2026-04-10T08:52:35","date_gmt":"2026-04-10T06:52:35","guid":{"rendered":"https:\/\/visomacs.com\/?post_type=product&#038;p=42085"},"modified":"2026-04-10T08:53:51","modified_gmt":"2026-04-10T06:53:51","slug":"iphone-16-pro-256gb-titanio-desierto-192","status":"publish","type":"product","link":"https:\/\/visomacs.com\/pt\/tienda-apple-segunda-mano-sevilla\/iphone-16-pro-256gb-titanio-desierto-192\/","title":{"rendered":"IPHONE 16 PRO 256GB TITANIO DESIERTO"},"content":{"rendered":"","protected":false},"excerpt":{"rendered":"<p>iPhone 16 Pro 256GB Desierto Titanium. Presenta leves marcas de uso. Se entrega con cargador y 1 a\u00f1o de garant\u00eda.<\/p>\n","protected":false},"featured_media":41089,"template":"","meta":{"_joinchat":[]},"product_brand":[],"product_cat":[149],"product_tag":[],"class_list":{"0":"post-42085","1":"product","2":"type-product","3":"status-publish","4":"has-post-thumbnail","6":"product_cat-pte-inv","8":"first","9":"instock","10":"purchasable","11":"product-type-simple"},"composite_layout":"","composite_components":[],"composite_scenarios":[],"acf":[],"yoast_head":"<!-- This site is optimized with the Yoast SEO plugin v27.3 - https:\/\/yoast.com\/product\/yoast-seo-wordpress\/ -->\n<title>IPHONE 16 PRO 256GB TITANIO DESIERTO - Visomacs - Dispositivos Apple de segunda mano al mejor precio<\/title>\n<meta name=\"robots\" content=\"index, follow, max-snippet:-1, max-image-preview:large, max-video-preview:-1\" \/>\n<link rel=\"canonical\" href=\"https:\/\/visomacs.com\/tienda-apple-segunda-mano-sevilla\/iphone-16-pro-256gb-titanio-desierto-192\/\" \/>\n<meta property=\"og:locale\" content=\"pt_PT\" \/>\n<meta property=\"og:type\" content=\"article\" \/>\n<meta property=\"og:title\" content=\"IPHONE 16 PRO 256GB TITANIO DESIERTO - Visomacs - Dispositivos Apple de segunda mano al mejor precio\" \/>\n<meta property=\"og:description\" content=\"iPhone 16 Pro 256GB Desierto Titanium. Presenta leves marcas de uso. Se entrega con cargador y 1 a\u00f1o de garant\u00eda.\" \/>\n<meta property=\"og:url\" content=\"https:\/\/visomacs.com\/tienda-apple-segunda-mano-sevilla\/iphone-16-pro-256gb-titanio-desierto-192\/\" \/>\n<meta property=\"og:site_name\" content=\"Visomacs - Dispositivos Apple de segunda mano al mejor precio\" \/>\n<meta property=\"article:publisher\" content=\"https:\/\/www.facebook.com\/visomacs\/\" \/>\n<meta property=\"article:modified_time\" content=\"2026-04-10T06:53:51+00:00\" \/>\n<meta property=\"og:image\" content=\"https:\/\/visomacs.com\/wp-content\/uploads\/2025\/10\/16-PRO-DESIERTO-TITANIUM.webp\" \/>\n\t<meta property=\"og:image:width\" content=\"536\" \/>\n\t<meta property=\"og:image:height\" content=\"402\" \/>\n\t<meta property=\"og:image:type\" content=\"image\/webp\" \/>\n<meta name=\"twitter:card\" content=\"summary_large_image\" \/>\n<meta name=\"twitter:label1\" content=\"Tempo estimado de leitura\" \/>\n\t<meta name=\"twitter:data1\" content=\"1 minuto\" \/>\n<!-- \/ Yoast SEO plugin. -->","yoast_head_json":{"title":"IPHONE 16 PRO 256GB TITANIO DESIERTO - Visomacs - Dispositivos Apple de segunda mano al mejor precio","robots":{"index":"index","follow":"follow","max-snippet":"max-snippet:-1","max-image-preview":"max-image-preview:large","max-video-preview":"max-video-preview:-1"},"canonical":"https:\/\/visomacs.com\/tienda-apple-segunda-mano-sevilla\/iphone-16-pro-256gb-titanio-desierto-192\/","og_locale":"pt_PT","og_type":"article","og_title":"IPHONE 16 PRO 256GB TITANIO DESIERTO - Visomacs - Dispositivos Apple de segunda mano al mejor precio","og_description":"iPhone 16 Pro 256GB Desierto Titanium. Presenta leves marcas de uso. Se entrega con cargador y 1 a\u00f1o de garant\u00eda.","og_url":"https:\/\/visomacs.com\/tienda-apple-segunda-mano-sevilla\/iphone-16-pro-256gb-titanio-desierto-192\/","og_site_name":"Visomacs - Dispositivos Apple de segunda mano al mejor precio","article_publisher":"https:\/\/www.facebook.com\/visomacs\/","article_modified_time":"2026-04-10T06:53:51+00:00","og_image":[{"width":536,"height":402,"url":"https:\/\/visomacs.com\/wp-content\/uploads\/2025\/10\/16-PRO-DESIERTO-TITANIUM.webp","type":"image\/webp"}],"twitter_card":"summary_large_image","twitter_misc":{"Tempo estimado de leitura":"1 minuto"},"schema":{"@context":"https:\/\/schema.org","@graph":[{"@type":"WebPage","@id":"https:\/\/visomacs.com\/tienda-apple-segunda-mano-sevilla\/iphone-16-pro-256gb-titanio-desierto-192\/","url":"https:\/\/visomacs.com\/tienda-apple-segunda-mano-sevilla\/iphone-16-pro-256gb-titanio-desierto-192\/","name":"IPHONE 16 PRO 256GB TITANIO DESIERTO - Visomacs - Dispositivos Apple de segunda mano al mejor precio","isPartOf":{"@id":"https:\/\/visomacs.com\/#website"},"primaryImageOfPage":{"@id":"https:\/\/visomacs.com\/tienda-apple-segunda-mano-sevilla\/iphone-16-pro-256gb-titanio-desierto-192\/#primaryimage"},"image":{"@id":"https:\/\/visomacs.com\/tienda-apple-segunda-mano-sevilla\/iphone-16-pro-256gb-titanio-desierto-192\/#primaryimage"},"thumbnailUrl":"https:\/\/visomacs.com\/wp-content\/uploads\/2025\/10\/16-PRO-DESIERTO-TITANIUM.webp","datePublished":"2026-04-10T06:52:35+00:00","dateModified":"2026-04-10T06:53:51+00:00","breadcrumb":{"@id":"https:\/\/visomacs.com\/tienda-apple-segunda-mano-sevilla\/iphone-16-pro-256gb-titanio-desierto-192\/#breadcrumb"},"inLanguage":"pt-PT","potentialAction":[{"@type":"ReadAction","target":["https:\/\/visomacs.com\/tienda-apple-segunda-mano-sevilla\/iphone-16-pro-256gb-titanio-desierto-192\/"]}]},{"@type":"ImageObject","inLanguage":"pt-PT","@id":"https:\/\/visomacs.com\/tienda-apple-segunda-mano-sevilla\/iphone-16-pro-256gb-titanio-desierto-192\/#primaryimage","url":"https:\/\/visomacs.com\/wp-content\/uploads\/2025\/10\/16-PRO-DESIERTO-TITANIUM.webp","contentUrl":"https:\/\/visomacs.com\/wp-content\/uploads\/2025\/10\/16-PRO-DESIERTO-TITANIUM.webp","width":536,"height":402},{"@type":"BreadcrumbList","@id":"https:\/\/visomacs.com\/tienda-apple-segunda-mano-sevilla\/iphone-16-pro-256gb-titanio-desierto-192\/#breadcrumb","itemListElement":[{"@type":"ListItem","position":1,"name":"Portada","item":"https:\/\/visomacs.com\/"},{"@type":"ListItem","position":2,"name":"Tienda","item":"https:\/\/visomacs.com\/tienda-apple-segunda-mano-sevilla\/"},{"@type":"ListItem","position":3,"name":"IPHONE 16 PRO 256GB TITANIO DESIERTO"}]},{"@type":"WebSite","@id":"https:\/\/visomacs.com\/#website","url":"https:\/\/visomacs.com\/","name":"Visomacs ( a RITEL IT SERVICES group)","description":"Todos nuestros productos son examinados por profesionales y poseen 1 a\u00f1o de garant\u00eda. Realizamos env\u00edos gratuitos 24 h en la pen\u00ednsula. ","publisher":{"@id":"https:\/\/visomacs.com\/#organization"},"potentialAction":[{"@type":"SearchAction","target":{"@type":"EntryPoint","urlTemplate":"https:\/\/visomacs.com\/?s={search_term_string}"},"query-input":{"@type":"PropertyValueSpecification","valueRequired":true,"valueName":"search_term_string"}}],"inLanguage":"pt-PT"},{"@type":"Organization","@id":"https:\/\/visomacs.com\/#organization","name":"Visomacs ( a RITEL IT SERVICES group)","url":"https:\/\/visomacs.com\/","logo":{"@type":"ImageObject","inLanguage":"pt-PT","@id":"https:\/\/visomacs.com\/#\/schema\/logo\/image\/","url":"https:\/\/visomacs.com\/wp-content\/uploads\/2017\/10\/logo.png","contentUrl":"https:\/\/visomacs.com\/wp-content\/uploads\/2017\/10\/logo.png","width":235,"height":40,"caption":"Visomacs ( a RITEL IT SERVICES group)"},"image":{"@id":"https:\/\/visomacs.com\/#\/schema\/logo\/image\/"},"sameAs":["https:\/\/www.facebook.com\/visomacs\/","https:\/\/www.instagram.com\/visomacs\/"]}]}},"_links":{"self":[{"href":"https:\/\/visomacs.com\/pt\/wp-json\/wp\/v2\/product\/42085","targetHints":{"allow":["GET"]}}],"collection":[{"href":"https:\/\/visomacs.com\/pt\/wp-json\/wp\/v2\/product"}],"about":[{"href":"https:\/\/visomacs.com\/pt\/wp-json\/wp\/v2\/types\/product"}],"wp:featuredmedia":[{"embeddable":true,"href":"https:\/\/visomacs.com\/pt\/wp-json\/wp\/v2\/media\/41089"}],"wp:attachment":[{"href":"https:\/\/visomacs.com\/pt\/wp-json\/wp\/v2\/media?parent=42085"}],"wp:term":[{"taxonomy":"product_brand","embeddable":true,"href":"https:\/\/visomacs.com\/pt\/wp-json\/wp\/v2\/product_brand?post=42085"},{"taxonomy":"product_cat","embeddable":true,"href":"https:\/\/visomacs.com\/pt\/wp-json\/wp\/v2\/product_cat?post=42085"},{"taxonomy":"product_tag","embeddable":true,"href":"https:\/\/visomacs.com\/pt\/wp-json\/wp\/v2\/product_tag?post=42085"}],"curies":[{"name":"wp","href":"https:\/\/api.w.org\/{rel}","templated":true}]}}